{"id":3745,"date":"2024-11-26T10:14:18","date_gmt":"2024-11-26T15:14:18","guid":{"rendered":"https:\/\/rochonentreprise.wpcomstaging.com\/?page_id=3745"},"modified":"2025-03-20T15:21:13","modified_gmt":"2025-03-20T19:21:13","slug":"gio","status":"publish","type":"page","link":"https:\/\/axentsuperieur.com\/en\/realisations\/commercial\/realisations-magasins-de-details\/gio\/","title":{"rendered":"Gio"},"content":{"rendered":"<div data-elementor-type=\"wp-page\" data-elementor-id=\"3745\" class=\"elementor elementor-3745\" data-elementor-post-type=\"page\">\n\t\t\t\t<div class=\"elementor-element elementor-element-323d2d2b e-flex e-con-boxed e-con e-parent\" data-id=\"323d2d2b\" data-element_type=\"container\" data-e-type=\"container\">\n\t\t\t\t\t<div class=\"e-con-inner\">\n\t\t\t\t<div class=\"elementor-element elementor-element-61382898 elementor-widget elementor-widget-heading\" data-id=\"61382898\" data-element_type=\"widget\" data-e-type=\"widget\" data-widget_type=\"heading.default\">\n\t\t\t\t<div class=\"elementor-widget-container\">\n\t\t\t\t\t<h2 class=\"elementor-heading-title elementor-size-default\">GIO ROYALMOUNT<\/h2>\t\t\t\t<\/div>\n\t\t\t\t<\/div>\n\t\t\t\t<div class=\"elementor-element elementor-element-3d372cbf elementor-widget elementor-widget-gallery\" data-id=\"3d372cbf\" data-element_type=\"widget\" data-e-type=\"widget\" data-settings=\"{&quot;aspect_ratio&quot;:&quot;1:1&quot;,&quot;lazyload&quot;:&quot;yes&quot;,&quot;gallery_layout&quot;:&quot;grid&quot;,&quot;columns&quot;:4,&quot;columns_tablet&quot;:2,&quot;columns_mobile&quot;:1,&quot;gap&quot;:{&quot;unit&quot;:&quot;px&quot;,&quot;size&quot;:10,&quot;sizes&quot;:[]},&quot;gap_tablet&quot;:{&quot;unit&quot;:&quot;px&quot;,&quot;size&quot;:10,&quot;sizes&quot;:[]},&quot;gap_mobile&quot;:{&quot;unit&quot;:&quot;px&quot;,&quot;size&quot;:10,&quot;sizes&quot;:[]},&quot;link_to&quot;:&quot;file&quot;,&quot;overlay_background&quot;:&quot;yes&quot;,&quot;content_hover_animation&quot;:&quot;fade-in&quot;}\" data-widget_type=\"gallery.default\">\n\t\t\t\t<div class=\"elementor-widget-container\">\n\t\t\t\t\t\t\t<div class=\"elementor-gallery__container\">\n\t\t\t\t\t\t\t<a class=\"e-gallery-item elementor-gallery-item elementor-animated-content\" href=\"https:\/\/axentsuperieur.com\/wp-content\/uploads\/2024\/11\/AXENT_LED_SUPERIEUR-GIO-01-rotated-1-scaled.jpg\" data-elementor-open-lightbox=\"yes\" data-elementor-lightbox-slideshow=\"3d372cbf\" data-e-action-hash=\"#elementor-action%3Aaction%3Dlightbox%26settings%3DeyJpZCI6MTI2MjgsInVybCI6Imh0dHBzOlwvXC9heGVudHN1cGVyaWV1ci5jb21cL3dwLWNvbnRlbnRcL3VwbG9hZHNcLzIwMjRcLzExXC9BWEVOVF9MRURfU1VQRVJJRVVSLUdJTy0wMS1yb3RhdGVkLTEtc2NhbGVkLmpwZyIsInNsaWRlc2hvdyI6IjNkMzcyY2JmIn0%3D\">\n\t\t\t\t\t<div class=\"e-gallery-image elementor-gallery-item__image\" data-thumbnail=\"https:\/\/axentsuperieur.com\/wp-content\/uploads\/2024\/11\/AXENT_LED_SUPERIEUR-GIO-01-rotated-1-scaled.jpg\" data-width=\"1183\" data-height=\"2560\" aria-label=\"\" role=\"img\" ><\/div>\n\t\t\t\t\t\t\t\t\t\t\t<div class=\"elementor-gallery-item__overlay\"><\/div>\n\t\t\t\t\t\t\t\t\t\t\t\t\t\t<\/a>\n\t\t\t\t\t\t\t<a class=\"e-gallery-item elementor-gallery-item elementor-animated-content\" href=\"https:\/\/axentsuperieur.com\/wp-content\/uploads\/2024\/11\/AXENT_LED_SUPERIEUR-GIO-02-rotated-1-scaled.jpg\" data-elementor-open-lightbox=\"yes\" data-elementor-lightbox-slideshow=\"3d372cbf\" data-e-action-hash=\"#elementor-action%3Aaction%3Dlightbox%26settings%3DeyJpZCI6Mzc0OSwidXJsIjoiaHR0cHM6XC9cL2F4ZW50c3VwZXJpZXVyLmNvbVwvd3AtY29udGVudFwvdXBsb2Fkc1wvMjAyNFwvMTFcL0FYRU5UX0xFRF9TVVBFUklFVVItR0lPLTAyLXJvdGF0ZWQtMS1zY2FsZWQuanBnIiwic2xpZGVzaG93IjoiM2QzNzJjYmYifQ%3D%3D\">\n\t\t\t\t\t<div class=\"e-gallery-image elementor-gallery-item__image\" data-thumbnail=\"https:\/\/axentsuperieur.com\/wp-content\/uploads\/2024\/11\/AXENT_LED_SUPERIEUR-GIO-02-rotated-1-scaled.jpg\" data-width=\"1183\" data-height=\"2560\" aria-label=\"\" role=\"img\" ><\/div>\n\t\t\t\t\t\t\t\t\t\t\t<div class=\"elementor-gallery-item__overlay\"><\/div>\n\t\t\t\t\t\t\t\t\t\t\t\t\t\t<\/a>\n\t\t\t\t\t\t\t<a class=\"e-gallery-item elementor-gallery-item elementor-animated-content\" href=\"https:\/\/axentsuperieur.com\/wp-content\/uploads\/2024\/11\/AXENT_LED_SUPERIEUR-GIO-03-scaled.jpg\" data-elementor-open-lightbox=\"yes\" data-elementor-lightbox-slideshow=\"3d372cbf\" data-e-action-hash=\"#elementor-action%3Aaction%3Dlightbox%26settings%3DeyJpZCI6MTI2MjksInVybCI6Imh0dHBzOlwvXC9heGVudHN1cGVyaWV1ci5jb21cL3dwLWNvbnRlbnRcL3VwbG9hZHNcLzIwMjRcLzExXC9BWEVOVF9MRURfU1VQRVJJRVVSLUdJTy0wMy1zY2FsZWQuanBnIiwic2xpZGVzaG93IjoiM2QzNzJjYmYifQ%3D%3D\">\n\t\t\t\t\t<div class=\"e-gallery-image elementor-gallery-item__image\" data-thumbnail=\"https:\/\/axentsuperieur.com\/wp-content\/uploads\/2024\/11\/AXENT_LED_SUPERIEUR-GIO-03-scaled.jpg\" data-width=\"2560\" data-height=\"1183\" aria-label=\"\" role=\"img\" ><\/div>\n\t\t\t\t\t\t\t\t\t\t\t<div class=\"elementor-gallery-item__overlay\"><\/div>\n\t\t\t\t\t\t\t\t\t\t\t\t\t\t<\/a>\n\t\t\t\t\t\t\t<a class=\"e-gallery-item elementor-gallery-item elementor-animated-content\" href=\"https:\/\/axentsuperieur.com\/wp-content\/uploads\/2024\/11\/AXENT_LED_SUPERIEUR-GIO-04-scaled.jpg\" data-elementor-open-lightbox=\"yes\" data-elementor-lightbox-slideshow=\"3d372cbf\" data-e-action-hash=\"#elementor-action%3Aaction%3Dlightbox%26settings%3DeyJpZCI6MTI2MzAsInVybCI6Imh0dHBzOlwvXC9heGVudHN1cGVyaWV1ci5jb21cL3dwLWNvbnRlbnRcL3VwbG9hZHNcLzIwMjRcLzExXC9BWEVOVF9MRURfU1VQRVJJRVVSLUdJTy0wNC1zY2FsZWQuanBnIiwic2xpZGVzaG93IjoiM2QzNzJjYmYifQ%3D%3D\">\n\t\t\t\t\t<div class=\"e-gallery-image elementor-gallery-item__image\" data-thumbnail=\"https:\/\/axentsuperieur.com\/wp-content\/uploads\/2024\/11\/AXENT_LED_SUPERIEUR-GIO-04-scaled.jpg\" data-width=\"2560\" data-height=\"1183\" aria-label=\"\" role=\"img\" ><\/div>\n\t\t\t\t\t\t\t\t\t\t\t<div class=\"elementor-gallery-item__overlay\"><\/div>\n\t\t\t\t\t\t\t\t\t\t\t\t\t\t<\/a>\n\t\t\t\t\t<\/div>\n\t\t\t\t\t<\/div>\n\t\t\t\t<\/div>\n\t\t\t\t<div class=\"elementor-element elementor-element-a6685dc elementor-widget elementor-widget-text-editor\" data-id=\"a6685dc\" data-element_type=\"widget\" data-e-type=\"widget\" data-widget_type=\"text-editor.default\">\n\t\t\t\t<div class=\"elementor-widget-container\">\n\t\t\t\t\t\t\t\t\t<p>Fournisseur: <a href=\"https:\/\/axentled.com\/index.php?route=common\/home\">Axent LED<\/a><\/p>\n<p>Installation: <a href=\"https:\/\/axentsuperieur.com\/en\/\">Axent Sup\u00e9rieur<\/a><\/p>\n<p>Collaborateur: <a href=\"https:\/\/www.lumen.ca\/fr\">Lumen Laval<\/a><\/p>\n<p>Designer: <a href=\"https:\/\/idxdesign.com\/\">IDX Design<\/a><\/p><p><br><\/p>\n<p><span style=\"text-decoration: underline;\">Produits:<\/span><\/p>\n<p>Ruban<a href=\"https:\/\/axentled.com\/index.php?route=product\/product&amp;path=59_102&amp;product_id=246\"> AX-6W24V COB 3500K<\/a><\/p>\t\t\t\t\t\t\t\t<\/div>\n\t\t\t\t<\/div>\n\t\t\t\t\t<\/div>\n\t\t\t\t<\/div>\n\t\t\t\t<\/div>","protected":false},"excerpt":{"rendered":"<p>L\u2019\u00e9clairage LED est la solution id\u00e9ale pour une boutique Gio, permettant de sublimer vos cr\u00e9ations avec une lumi\u00e8re douce, homog\u00e8ne et raffin\u00e9e. Les LED offrent une lumi\u00e8re qui accentue les d\u00e9tails fins des bijoux, qu\u2019il s\u2019agisse de bagues, colliers ou bracelets, tout en cr\u00e9ant une atmosph\u00e8re \u00e9l\u00e9gante et sophistiqu\u00e9e. Gr\u00e2ce \u00e0 leur faible consommation d\u2019\u00e9nergie et leur longue dur\u00e9e de vie, les LED sont \u00e0 la fois \u00e9conomiques et pratiques pour \u00e9clairer les vitrines, les pr\u00e9sentoirs et les espaces de vente. D\u00e9couvrez comment l\u2019\u00e9clairage LED peut transformer votre boutique Gio en un lieu lumineux et moderne, o\u00f9 chaque bijou brille sous la lumi\u00e8re.<\/p>","protected":false},"author":7,"featured_media":3749,"parent":3546,"menu_order":0,"comment_status":"closed","ping_status":"closed","template":"","meta":{"site-sidebar-layout":"no-sidebar","site-content-layout":"page-builder","ast-site-content-layout":"full-width-container","site-content-style":"default","site-sidebar-style":"default","ast-global-header-display":"","ast-banner-title-visibility":"","ast-main-header-display":"","ast-hfb-above-header-display":"","ast-hfb-below-header-display":"","ast-hfb-mobile-header-display":"","site-post-title":"disabled","ast-breadcrumbs-content":"","ast-featured-img":"disabled","footer-sml-layout":"","ast-disable-related-posts":"","theme-transparent-header-meta":"","adv-header-id-meta":"","stick-header-meta":"","header-above-stick-meta":"","header-main-stick-meta":"","header-below-stick-meta":"","astra-migrate-meta-layouts":"default","ast-page-background-enabled":"default","ast-page-background-meta":{"desktop":{"background-color":"var(--ast-global-color-4)","background-image":"","background-repeat":"repeat","background-position":"center center","background-size":"auto","background-attachment":"scroll","background-type":"","background-media":"","overlay-type":"","overlay-color":"","overlay-opacity":"","overlay-gradient":""},"tablet":{"background-color":"","background-image":"","background-repeat":"repeat","background-position":"center center","background-size":"auto","background-attachment":"scroll","background-type":"","background-media":"","overlay-type":"","overlay-color":"","overlay-opacity":"","overlay-gradient":""},"mobile":{"background-color":"","background-image":"","background-repeat":"repeat","background-position":"center center","background-size":"auto","background-attachment":"scroll","background-type":"","background-media":"","overlay-type":"","overlay-color":"","overlay-opacity":"","overlay-gradient":""}},"ast-content-background-meta":{"desktop":{"background-color":"var(--ast-global-color-5)","background-image":"","background-repeat":"repeat","background-position":"center center","background-size":"auto","background-attachment":"scroll","background-type":"","background-media":"","overlay-type":"","overlay-color":"","overlay-opacity":"","overlay-gradient":""},"tablet":{"background-color":"var(--ast-global-color-5)","background-image":"","background-repeat":"repeat","background-position":"center center","background-size":"auto","background-attachment":"scroll","background-type":"","background-media":"","overlay-type":"","overlay-color":"","overlay-opacity":"","overlay-gradient":""},"mobile":{"background-color":"var(--ast-global-color-5)","background-image":"","background-repeat":"repeat","background-position":"center center","background-size":"auto","background-attachment":"scroll","background-type":"","background-media":"","overlay-type":"","overlay-color":"","overlay-opacity":"","overlay-gradient":""}},"footnotes":""},"class_list":["post-3745","page","type-page","status-publish","has-post-thumbnail","hentry"],"yoast_head":"<!-- This site is optimized with the Yoast SEO plugin v27.5 - https:\/\/yoast.com\/product\/yoast-seo-wordpress\/ -->\n<title>\u00c9clairage LED sur mesure pour la boutique Gio | Royalmount<\/title>\n<meta name=\"description\" content=\"D\u00e9couvrez notre installation d\u2019\u00e9clairage LED sur mesure pour la boutique Gio au Royalmount : rubans COB pour une ambiance \u00e9l\u00e9gante et raffin\u00e9e.\" \/>\n<meta name=\"robots\" content=\"index, follow, max-snippet:-1, max-image-preview:large, max-video-preview:-1\" \/>\n<link rel=\"canonical\" href=\"https:\/\/axentsuperieur.com\/en\/realisations\/commercial\/realisations-magasins-de-details\/gio\/\" \/>\n<meta property=\"og:locale\" content=\"en_US\" \/>\n<meta property=\"og:type\" content=\"article\" \/>\n<meta property=\"og:title\" content=\"\ud83c\udf1f Un \u00e9clairage LED d\u2019exception pour la boutique Gio au Royalmount !\" \/>\n<meta property=\"og:description\" content=\"Nous avons r\u00e9alis\u00e9 un \u00e9clairage LED sur mesure pour la boutique Gio au Royalmount ! Gr\u00e2ce \u00e0 des rubans LED int\u00e9gr\u00e9s et des profil\u00e9s \u00e9l\u00e9gants, l\u2019espace brille d\u2019une lumi\u00e8re douce et sophistiqu\u00e9e. Un projet alliant design et performance lumineuse ! \ud83d\udca1\u2728 #\u00c9clairageLED #DesignLumineux #Royalmount\" \/>\n<meta property=\"og:url\" content=\"https:\/\/axentsuperieur.com\/en\/realisations\/commercial\/realisations-magasins-de-details\/gio\/\" \/>\n<meta property=\"og:site_name\" content=\"Axent Sup\u00e9rieur\" \/>\n<meta property=\"article:publisher\" content=\"https:\/\/www.facebook.com\/axentled\/\" \/>\n<meta property=\"article:modified_time\" content=\"2025-03-20T19:21:13+00:00\" \/>\n<meta property=\"og:image\" content=\"https:\/\/axentsuperieur.com\/wp-content\/uploads\/2024\/11\/AXENT_LED_SUPERIEUR-GIO-01-rotated-1-scaled.jpg\" \/>\n\t<meta property=\"og:image:width\" content=\"1183\" \/>\n\t<meta property=\"og:image:height\" content=\"2560\" \/>\n\t<meta property=\"og:image:type\" content=\"image\/jpeg\" \/>\n<meta name=\"twitter:card\" content=\"summary_large_image\" \/>\n<meta name=\"twitter:title\" content=\"\ud83c\udf1f Un \u00e9clairage LED d\u2019exception pour la boutique Gio au Royalmount !\" \/>\n<meta name=\"twitter:description\" content=\"Nous avons r\u00e9alis\u00e9 un \u00e9clairage LED sur mesure pour la boutique Gio au Royalmount ! Gr\u00e2ce \u00e0 des rubans LED int\u00e9gr\u00e9s et des profil\u00e9s \u00e9l\u00e9gants, l\u2019espace brille d\u2019une lumi\u00e8re douce et sophistiqu\u00e9e. Un projet alliant design et performance lumineuse ! \ud83d\udca1\u2728 #\u00c9clairageLED #DesignLumineux #Royalmount\" \/>\n<meta name=\"twitter:image\" content=\"https:\/\/axentsuperieur.com\/wp-content\/uploads\/2024\/11\/AXENT_LED_SUPERIEUR-GIO-01-rotated-1-scaled.jpg\" \/>\n<meta name=\"twitter:label1\" content=\"Est. reading time\" \/>\n\t<meta name=\"twitter:data1\" content=\"1 minute\" \/>\n<script type=\"application\/ld+json\" class=\"yoast-schema-graph\">{\"@context\":\"https:\\\/\\\/schema.org\",\"@graph\":[{\"@type\":\"WebPage\",\"@id\":\"https:\\\/\\\/axentsuperieur.com\\\/realisations\\\/commercial\\\/realisations-magasins-de-details\\\/gio\\\/\",\"url\":\"https:\\\/\\\/axentsuperieur.com\\\/realisations\\\/commercial\\\/realisations-magasins-de-details\\\/gio\\\/\",\"name\":\"\u00c9clairage LED sur mesure pour la boutique Gio | Royalmount\",\"isPartOf\":{\"@id\":\"https:\\\/\\\/axentsuperieur.com\\\/#website\"},\"primaryImageOfPage\":{\"@id\":\"https:\\\/\\\/axentsuperieur.com\\\/realisations\\\/commercial\\\/realisations-magasins-de-details\\\/gio\\\/#primaryimage\"},\"image\":{\"@id\":\"https:\\\/\\\/axentsuperieur.com\\\/realisations\\\/commercial\\\/realisations-magasins-de-details\\\/gio\\\/#primaryimage\"},\"thumbnailUrl\":\"https:\\\/\\\/axentsuperieur.com\\\/wp-content\\\/uploads\\\/2024\\\/11\\\/AXENT_LED_SUPERIEUR-GIO-02-rotated-1-scaled.jpg\",\"datePublished\":\"2024-11-26T15:14:18+00:00\",\"dateModified\":\"2025-03-20T19:21:13+00:00\",\"description\":\"D\u00e9couvrez notre installation d\u2019\u00e9clairage LED sur mesure pour la boutique Gio au Royalmount : rubans COB pour une ambiance \u00e9l\u00e9gante et raffin\u00e9e.\",\"breadcrumb\":{\"@id\":\"https:\\\/\\\/axentsuperieur.com\\\/realisations\\\/commercial\\\/realisations-magasins-de-details\\\/gio\\\/#breadcrumb\"},\"inLanguage\":\"en-US\",\"potentialAction\":[{\"@type\":\"ReadAction\",\"target\":[\"https:\\\/\\\/axentsuperieur.com\\\/realisations\\\/commercial\\\/realisations-magasins-de-details\\\/gio\\\/\"]}]},{\"@type\":\"ImageObject\",\"inLanguage\":\"en-US\",\"@id\":\"https:\\\/\\\/axentsuperieur.com\\\/realisations\\\/commercial\\\/realisations-magasins-de-details\\\/gio\\\/#primaryimage\",\"url\":\"https:\\\/\\\/axentsuperieur.com\\\/wp-content\\\/uploads\\\/2024\\\/11\\\/AXENT_LED_SUPERIEUR-GIO-02-rotated-1-scaled.jpg\",\"contentUrl\":\"https:\\\/\\\/axentsuperieur.com\\\/wp-content\\\/uploads\\\/2024\\\/11\\\/AXENT_LED_SUPERIEUR-GIO-02-rotated-1-scaled.jpg\",\"width\":1183,\"height\":2560,\"caption\":\"Mettez en valeur la beaut\u00e9 de vos cr\u00e9ations avec un \u00e9clairage LED pr\u00e9cis et \u00e9l\u00e9gant, parfait pour une bijouterie raffin\u00e9e.\"},{\"@type\":\"BreadcrumbList\",\"@id\":\"https:\\\/\\\/axentsuperieur.com\\\/realisations\\\/commercial\\\/realisations-magasins-de-details\\\/gio\\\/#breadcrumb\",\"itemListElement\":[{\"@type\":\"ListItem\",\"position\":1,\"name\":\"Home\",\"item\":\"https:\\\/\\\/axentsuperieur.com\\\/\"},{\"@type\":\"ListItem\",\"position\":2,\"name\":\"R\u00e9alisations\",\"item\":\"https:\\\/\\\/axentsuperieur.com\\\/realisations\\\/\"},{\"@type\":\"ListItem\",\"position\":3,\"name\":\"Commercial\",\"item\":\"https:\\\/\\\/axentsuperieur.com\\\/realisations\\\/commercial\\\/\"},{\"@type\":\"ListItem\",\"position\":4,\"name\":\"Magasin de d\u00e9tails\",\"item\":\"https:\\\/\\\/axentsuperieur.com\\\/realisations\\\/commercial\\\/realisations-magasins-de-details\\\/\"},{\"@type\":\"ListItem\",\"position\":5,\"name\":\"Gio\"}]},{\"@type\":\"WebSite\",\"@id\":\"https:\\\/\\\/axentsuperieur.com\\\/#website\",\"url\":\"https:\\\/\\\/axentsuperieur.com\\\/\",\"name\":\"Axent Sup\u00e9rieur\",\"description\":\"Leader en \u00e9clairage LED\",\"publisher\":{\"@id\":\"https:\\\/\\\/axentsuperieur.com\\\/#organization\"},\"potentialAction\":[{\"@type\":\"SearchAction\",\"target\":{\"@type\":\"EntryPoint\",\"urlTemplate\":\"https:\\\/\\\/axentsuperieur.com\\\/?s={search_term_string}\"},\"query-input\":{\"@type\":\"PropertyValueSpecification\",\"valueRequired\":true,\"valueName\":\"search_term_string\"}}],\"inLanguage\":\"en-US\"},{\"@type\":\"Organization\",\"@id\":\"https:\\\/\\\/axentsuperieur.com\\\/#organization\",\"name\":\"Axent Sup\u00e9rieur\",\"url\":\"https:\\\/\\\/axentsuperieur.com\\\/\",\"logo\":{\"@type\":\"ImageObject\",\"inLanguage\":\"en-US\",\"@id\":\"https:\\\/\\\/axentsuperieur.com\\\/#\\\/schema\\\/logo\\\/image\\\/\",\"url\":\"https:\\\/\\\/axentsuperieur.com\\\/wp-content\\\/uploads\\\/2024\\\/10\\\/Axent-Superieur-sans-fond.png\",\"contentUrl\":\"https:\\\/\\\/axentsuperieur.com\\\/wp-content\\\/uploads\\\/2024\\\/10\\\/Axent-Superieur-sans-fond.png\",\"width\":2500,\"height\":1101,\"caption\":\"Axent Sup\u00e9rieur\"},\"image\":{\"@id\":\"https:\\\/\\\/axentsuperieur.com\\\/#\\\/schema\\\/logo\\\/image\\\/\"},\"sameAs\":[\"https:\\\/\\\/www.facebook.com\\\/axentled\\\/\",\"https:\\\/\\\/www.instagram.com\\\/axent_superieur\\\/\",\"https:\\\/\\\/www.linkedin.com\\\/company\\\/axentled\\\/\"]}]}<\/script>\n<!-- \/ Yoast SEO plugin. -->","yoast_head_json":{"title":"\u00c9clairage LED sur mesure pour la boutique Gio | Royalmount","description":"D\u00e9couvrez notre installation d\u2019\u00e9clairage LED sur mesure pour la boutique Gio au Royalmount : rubans COB pour une ambiance \u00e9l\u00e9gante et raffin\u00e9e.","robots":{"index":"index","follow":"follow","max-snippet":"max-snippet:-1","max-image-preview":"max-image-preview:large","max-video-preview":"max-video-preview:-1"},"canonical":"https:\/\/axentsuperieur.com\/en\/realisations\/commercial\/realisations-magasins-de-details\/gio\/","og_locale":"en_US","og_type":"article","og_title":"\ud83c\udf1f Un \u00e9clairage LED d\u2019exception pour la boutique Gio au Royalmount !","og_description":"Nous avons r\u00e9alis\u00e9 un \u00e9clairage LED sur mesure pour la boutique Gio au Royalmount ! Gr\u00e2ce \u00e0 des rubans LED int\u00e9gr\u00e9s et des profil\u00e9s \u00e9l\u00e9gants, l\u2019espace brille d\u2019une lumi\u00e8re douce et sophistiqu\u00e9e. Un projet alliant design et performance lumineuse ! \ud83d\udca1\u2728 #\u00c9clairageLED #DesignLumineux #Royalmount","og_url":"https:\/\/axentsuperieur.com\/en\/realisations\/commercial\/realisations-magasins-de-details\/gio\/","og_site_name":"Axent Sup\u00e9rieur","article_publisher":"https:\/\/www.facebook.com\/axentled\/","article_modified_time":"2025-03-20T19:21:13+00:00","og_image":[{"width":1183,"height":2560,"url":"https:\/\/axentsuperieur.com\/wp-content\/uploads\/2024\/11\/AXENT_LED_SUPERIEUR-GIO-01-rotated-1-scaled.jpg","type":"image\/jpeg"}],"twitter_card":"summary_large_image","twitter_title":"\ud83c\udf1f Un \u00e9clairage LED d\u2019exception pour la boutique Gio au Royalmount !","twitter_description":"Nous avons r\u00e9alis\u00e9 un \u00e9clairage LED sur mesure pour la boutique Gio au Royalmount ! Gr\u00e2ce \u00e0 des rubans LED int\u00e9gr\u00e9s et des profil\u00e9s \u00e9l\u00e9gants, l\u2019espace brille d\u2019une lumi\u00e8re douce et sophistiqu\u00e9e. Un projet alliant design et performance lumineuse ! \ud83d\udca1\u2728 #\u00c9clairageLED #DesignLumineux #Royalmount","twitter_image":"https:\/\/axentsuperieur.com\/wp-content\/uploads\/2024\/11\/AXENT_LED_SUPERIEUR-GIO-01-rotated-1-scaled.jpg","twitter_misc":{"Est. reading time":"1 minute"},"schema":{"@context":"https:\/\/schema.org","@graph":[{"@type":"WebPage","@id":"https:\/\/axentsuperieur.com\/realisations\/commercial\/realisations-magasins-de-details\/gio\/","url":"https:\/\/axentsuperieur.com\/realisations\/commercial\/realisations-magasins-de-details\/gio\/","name":"\u00c9clairage LED sur mesure pour la boutique Gio | Royalmount","isPartOf":{"@id":"https:\/\/axentsuperieur.com\/#website"},"primaryImageOfPage":{"@id":"https:\/\/axentsuperieur.com\/realisations\/commercial\/realisations-magasins-de-details\/gio\/#primaryimage"},"image":{"@id":"https:\/\/axentsuperieur.com\/realisations\/commercial\/realisations-magasins-de-details\/gio\/#primaryimage"},"thumbnailUrl":"https:\/\/axentsuperieur.com\/wp-content\/uploads\/2024\/11\/AXENT_LED_SUPERIEUR-GIO-02-rotated-1-scaled.jpg","datePublished":"2024-11-26T15:14:18+00:00","dateModified":"2025-03-20T19:21:13+00:00","description":"D\u00e9couvrez notre installation d\u2019\u00e9clairage LED sur mesure pour la boutique Gio au Royalmount : rubans COB pour une ambiance \u00e9l\u00e9gante et raffin\u00e9e.","breadcrumb":{"@id":"https:\/\/axentsuperieur.com\/realisations\/commercial\/realisations-magasins-de-details\/gio\/#breadcrumb"},"inLanguage":"en-US","potentialAction":[{"@type":"ReadAction","target":["https:\/\/axentsuperieur.com\/realisations\/commercial\/realisations-magasins-de-details\/gio\/"]}]},{"@type":"ImageObject","inLanguage":"en-US","@id":"https:\/\/axentsuperieur.com\/realisations\/commercial\/realisations-magasins-de-details\/gio\/#primaryimage","url":"https:\/\/axentsuperieur.com\/wp-content\/uploads\/2024\/11\/AXENT_LED_SUPERIEUR-GIO-02-rotated-1-scaled.jpg","contentUrl":"https:\/\/axentsuperieur.com\/wp-content\/uploads\/2024\/11\/AXENT_LED_SUPERIEUR-GIO-02-rotated-1-scaled.jpg","width":1183,"height":2560,"caption":"Mettez en valeur la beaut\u00e9 de vos cr\u00e9ations avec un \u00e9clairage LED pr\u00e9cis et \u00e9l\u00e9gant, parfait pour une bijouterie raffin\u00e9e."},{"@type":"BreadcrumbList","@id":"https:\/\/axentsuperieur.com\/realisations\/commercial\/realisations-magasins-de-details\/gio\/#breadcrumb","itemListElement":[{"@type":"ListItem","position":1,"name":"Home","item":"https:\/\/axentsuperieur.com\/"},{"@type":"ListItem","position":2,"name":"R\u00e9alisations","item":"https:\/\/axentsuperieur.com\/realisations\/"},{"@type":"ListItem","position":3,"name":"Commercial","item":"https:\/\/axentsuperieur.com\/realisations\/commercial\/"},{"@type":"ListItem","position":4,"name":"Magasin de d\u00e9tails","item":"https:\/\/axentsuperieur.com\/realisations\/commercial\/realisations-magasins-de-details\/"},{"@type":"ListItem","position":5,"name":"Gio"}]},{"@type":"WebSite","@id":"https:\/\/axentsuperieur.com\/#website","url":"https:\/\/axentsuperieur.com\/","name":"Axent Sup\u00e9rieur","description":"Leader en \u00e9clairage LED","publisher":{"@id":"https:\/\/axentsuperieur.com\/#organization"},"potentialAction":[{"@type":"SearchAction","target":{"@type":"EntryPoint","urlTemplate":"https:\/\/axentsuperieur.com\/?s={search_term_string}"},"query-input":{"@type":"PropertyValueSpecification","valueRequired":true,"valueName":"search_term_string"}}],"inLanguage":"en-US"},{"@type":"Organization","@id":"https:\/\/axentsuperieur.com\/#organization","name":"Axent Sup\u00e9rieur","url":"https:\/\/axentsuperieur.com\/","logo":{"@type":"ImageObject","inLanguage":"en-US","@id":"https:\/\/axentsuperieur.com\/#\/schema\/logo\/image\/","url":"https:\/\/axentsuperieur.com\/wp-content\/uploads\/2024\/10\/Axent-Superieur-sans-fond.png","contentUrl":"https:\/\/axentsuperieur.com\/wp-content\/uploads\/2024\/10\/Axent-Superieur-sans-fond.png","width":2500,"height":1101,"caption":"Axent Sup\u00e9rieur"},"image":{"@id":"https:\/\/axentsuperieur.com\/#\/schema\/logo\/image\/"},"sameAs":["https:\/\/www.facebook.com\/axentled\/","https:\/\/www.instagram.com\/axent_superieur\/","https:\/\/www.linkedin.com\/company\/axentled\/"]}]}},"jetpack_sharing_enabled":true,"_links":{"self":[{"href":"https:\/\/axentsuperieur.com\/en\/wp-json\/wp\/v2\/pages\/3745","targetHints":{"allow":["GET"]}}],"collection":[{"href":"https:\/\/axentsuperieur.com\/en\/wp-json\/wp\/v2\/pages"}],"about":[{"href":"https:\/\/axentsuperieur.com\/en\/wp-json\/wp\/v2\/types\/page"}],"author":[{"embeddable":true,"href":"https:\/\/axentsuperieur.com\/en\/wp-json\/wp\/v2\/users\/7"}],"replies":[{"embeddable":true,"href":"https:\/\/axentsuperieur.com\/en\/wp-json\/wp\/v2\/comments?post=3745"}],"version-history":[{"count":21,"href":"https:\/\/axentsuperieur.com\/en\/wp-json\/wp\/v2\/pages\/3745\/revisions"}],"predecessor-version":[{"id":15837,"href":"https:\/\/axentsuperieur.com\/en\/wp-json\/wp\/v2\/pages\/3745\/revisions\/15837"}],"up":[{"embeddable":true,"href":"https:\/\/axentsuperieur.com\/en\/wp-json\/wp\/v2\/pages\/3546"}],"wp:featuredmedia":[{"embeddable":true,"href":"https:\/\/axentsuperieur.com\/en\/wp-json\/wp\/v2\/media\/3749"}],"wp:attachment":[{"href":"https:\/\/axentsuperieur.com\/en\/wp-json\/wp\/v2\/media?parent=3745"}],"curies":[{"name":"wp","href":"https:\/\/api.w.org\/{rel}","templated":true}]}}