{"id":3582,"date":"2024-11-26T09:12:56","date_gmt":"2024-11-26T14:12:56","guid":{"rendered":"https:\/\/rochonentreprise.wpcomstaging.com\/?page_id=3582"},"modified":"2025-03-17T11:38:54","modified_gmt":"2025-03-17T15:38:54","slug":"brault-et-martineau","status":"publish","type":"page","link":"https:\/\/axentsuperieur.com\/en\/realisations\/commercial\/realisations-magasins-de-details\/brault-et-martineau\/","title":{"rendered":"Brault et Martineau"},"content":{"rendered":"<div data-elementor-type=\"wp-page\" data-elementor-id=\"3582\" class=\"elementor elementor-3582\" data-elementor-post-type=\"page\">\n\t\t\t\t<div class=\"elementor-element elementor-element-c9b2382 e-flex e-con-boxed e-con e-parent\" data-id=\"c9b2382\" data-element_type=\"container\" data-e-type=\"container\">\n\t\t\t\t\t<div class=\"e-con-inner\">\n\t\t\t\t<div class=\"elementor-element elementor-element-4dc96e3 elementor-widget elementor-widget-heading\" data-id=\"4dc96e3\" data-element_type=\"widget\" data-e-type=\"widget\" data-widget_type=\"heading.default\">\n\t\t\t\t<div class=\"elementor-widget-container\">\n\t\t\t\t\t<h2 class=\"elementor-heading-title elementor-size-default\">BRAULT &amp; MARTINEAU<\/h2>\t\t\t\t<\/div>\n\t\t\t\t<\/div>\n\t\t\t\t<div class=\"elementor-element elementor-element-2424f657 elementor-widget elementor-widget-gallery\" data-id=\"2424f657\" data-element_type=\"widget\" data-e-type=\"widget\" data-settings=\"{&quot;aspect_ratio&quot;:&quot;1:1&quot;,&quot;lazyload&quot;:&quot;yes&quot;,&quot;gallery_layout&quot;:&quot;grid&quot;,&quot;columns&quot;:4,&quot;columns_tablet&quot;:2,&quot;columns_mobile&quot;:1,&quot;gap&quot;:{&quot;unit&quot;:&quot;px&quot;,&quot;size&quot;:10,&quot;sizes&quot;:[]},&quot;gap_tablet&quot;:{&quot;unit&quot;:&quot;px&quot;,&quot;size&quot;:10,&quot;sizes&quot;:[]},&quot;gap_mobile&quot;:{&quot;unit&quot;:&quot;px&quot;,&quot;size&quot;:10,&quot;sizes&quot;:[]},&quot;link_to&quot;:&quot;file&quot;,&quot;overlay_background&quot;:&quot;yes&quot;,&quot;content_hover_animation&quot;:&quot;fade-in&quot;}\" data-widget_type=\"gallery.default\">\n\t\t\t\t<div class=\"elementor-widget-container\">\n\t\t\t\t\t\t\t<div class=\"elementor-gallery__container\">\n\t\t\t\t\t\t\t<a class=\"e-gallery-item elementor-gallery-item elementor-animated-content\" href=\"https:\/\/axentsuperieur.com\/wp-content\/uploads\/2024\/11\/AXENT_LED_SUPERIEUR-BRAULTETMARTINEAU-01-scaled.jpg\" data-elementor-open-lightbox=\"yes\" data-elementor-lightbox-slideshow=\"2424f657\" data-e-action-hash=\"#elementor-action%3Aaction%3Dlightbox%26settings%3DeyJpZCI6MTI2MDUsInVybCI6Imh0dHBzOlwvXC9heGVudHN1cGVyaWV1ci5jb21cL3dwLWNvbnRlbnRcL3VwbG9hZHNcLzIwMjRcLzExXC9BWEVOVF9MRURfU1VQRVJJRVVSLUJSQVVMVEVUTUFSVElORUFVLTAxLXNjYWxlZC5qcGciLCJzbGlkZXNob3ciOiIyNDI0ZjY1NyJ9\">\n\t\t\t\t\t<div class=\"e-gallery-image elementor-gallery-item__image\" data-thumbnail=\"https:\/\/axentsuperieur.com\/wp-content\/uploads\/2024\/11\/AXENT_LED_SUPERIEUR-BRAULTETMARTINEAU-01-scaled.jpg\" data-width=\"2560\" data-height=\"1211\" aria-label=\"\" role=\"img\" ><\/div>\n\t\t\t\t\t\t\t\t\t\t\t<div class=\"elementor-gallery-item__overlay\"><\/div>\n\t\t\t\t\t\t\t\t\t\t\t\t\t\t<\/a>\n\t\t\t\t\t\t\t<a class=\"e-gallery-item elementor-gallery-item elementor-animated-content\" href=\"https:\/\/axentsuperieur.com\/wp-content\/uploads\/2024\/11\/AXENT_LED_SUPERIEUR-BRAULTETMARTINEAU-02-scaled.jpg\" data-elementor-open-lightbox=\"yes\" data-elementor-lightbox-slideshow=\"2424f657\" data-e-action-hash=\"#elementor-action%3Aaction%3Dlightbox%26settings%3DeyJpZCI6MzU4OCwidXJsIjoiaHR0cHM6XC9cL2F4ZW50c3VwZXJpZXVyLmNvbVwvd3AtY29udGVudFwvdXBsb2Fkc1wvMjAyNFwvMTFcL0FYRU5UX0xFRF9TVVBFUklFVVItQlJBVUxURVRNQVJUSU5FQVUtMDItc2NhbGVkLmpwZyIsInNsaWRlc2hvdyI6IjI0MjRmNjU3In0%3D\">\n\t\t\t\t\t<div class=\"e-gallery-image elementor-gallery-item__image\" data-thumbnail=\"https:\/\/axentsuperieur.com\/wp-content\/uploads\/2024\/11\/AXENT_LED_SUPERIEUR-BRAULTETMARTINEAU-02-scaled.jpg\" data-width=\"2560\" data-height=\"1213\" aria-label=\"\" role=\"img\" ><\/div>\n\t\t\t\t\t\t\t\t\t\t\t<div class=\"elementor-gallery-item__overlay\"><\/div>\n\t\t\t\t\t\t\t\t\t\t\t\t\t\t<\/a>\n\t\t\t\t\t\t\t<a class=\"e-gallery-item elementor-gallery-item elementor-animated-content\" href=\"https:\/\/axentsuperieur.com\/wp-content\/uploads\/2024\/11\/AXENT_LED_SUPERIEUR-BRAULTETMARTINEAU-03-scaled.jpg\" data-elementor-open-lightbox=\"yes\" data-elementor-lightbox-slideshow=\"2424f657\" data-e-action-hash=\"#elementor-action%3Aaction%3Dlightbox%26settings%3DeyJpZCI6MTI2MDYsInVybCI6Imh0dHBzOlwvXC9heGVudHN1cGVyaWV1ci5jb21cL3dwLWNvbnRlbnRcL3VwbG9hZHNcLzIwMjRcLzExXC9BWEVOVF9MRURfU1VQRVJJRVVSLUJSQVVMVEVUTUFSVElORUFVLTAzLXNjYWxlZC5qcGciLCJzbGlkZXNob3ciOiIyNDI0ZjY1NyJ9\">\n\t\t\t\t\t<div class=\"e-gallery-image elementor-gallery-item__image\" data-thumbnail=\"https:\/\/axentsuperieur.com\/wp-content\/uploads\/2024\/11\/AXENT_LED_SUPERIEUR-BRAULTETMARTINEAU-03-scaled.jpg\" data-width=\"2560\" data-height=\"1213\" aria-label=\"\" role=\"img\" ><\/div>\n\t\t\t\t\t\t\t\t\t\t\t<div class=\"elementor-gallery-item__overlay\"><\/div>\n\t\t\t\t\t\t\t\t\t\t\t\t\t\t<\/a>\n\t\t\t\t\t\t\t<a class=\"e-gallery-item elementor-gallery-item elementor-animated-content\" href=\"https:\/\/axentsuperieur.com\/wp-content\/uploads\/2024\/11\/AXENT_LED_SUPERIEUR-BRAULTETMARTINEAU-04-scaled.jpg\" data-elementor-open-lightbox=\"yes\" data-elementor-lightbox-slideshow=\"2424f657\" data-e-action-hash=\"#elementor-action%3Aaction%3Dlightbox%26settings%3DeyJpZCI6MzU5MCwidXJsIjoiaHR0cHM6XC9cL2F4ZW50c3VwZXJpZXVyLmNvbVwvd3AtY29udGVudFwvdXBsb2Fkc1wvMjAyNFwvMTFcL0FYRU5UX0xFRF9TVVBFUklFVVItQlJBVUxURVRNQVJUSU5FQVUtMDQtc2NhbGVkLmpwZyIsInNsaWRlc2hvdyI6IjI0MjRmNjU3In0%3D\">\n\t\t\t\t\t<div class=\"e-gallery-image elementor-gallery-item__image\" data-thumbnail=\"https:\/\/axentsuperieur.com\/wp-content\/uploads\/2024\/11\/AXENT_LED_SUPERIEUR-BRAULTETMARTINEAU-04-scaled.jpg\" data-width=\"2560\" data-height=\"1211\" aria-label=\"\" role=\"img\" ><\/div>\n\t\t\t\t\t\t\t\t\t\t\t<div class=\"elementor-gallery-item__overlay\"><\/div>\n\t\t\t\t\t\t\t\t\t\t\t\t\t\t<\/a>\n\t\t\t\t\t<\/div>\n\t\t\t\t\t<\/div>\n\t\t\t\t<\/div>\n\t\t\t\t\t<\/div>\n\t\t\t\t<\/div>\n\t\t\t\t<\/div>","protected":false},"excerpt":{"rendered":"<p>L\u2019\u00e9clairage LED est un incontournable pour les grands magasins comme Brault &#038; Martineau, offrant une lumi\u00e8re uniforme et chaleureuse qui met en valeur les meubles, \u00e9lectrom\u00e9nagers et accessoires. Les LED permettent de cr\u00e9er une ambiance accueillante tout en dirigeant strat\u00e9giquement l\u2019attention des clients vers des zones cl\u00e9s comme les pr\u00e9sentations de produits et les promotions. \u00c9conomiques, durables et flexibles, les LED s\u2019adaptent \u00e0 toutes les sections du magasin, des espaces de d\u00e9monstration aux zones d\u2019accueil. D\u00e9couvrez comment l\u2019\u00e9clairage LED peut transformer votre magasin en un espace moderne, confortable et \u00e9co\u00e9nerg\u00e9tique.<\/p>","protected":false},"author":7,"featured_media":0,"parent":3546,"menu_order":0,"comment_status":"closed","ping_status":"closed","template":"","meta":{"site-sidebar-layout":"no-sidebar","site-content-layout":"page-builder","ast-site-content-layout":"full-width-container","site-content-style":"default","site-sidebar-style":"default","ast-global-header-display":"","ast-banner-title-visibility":"","ast-main-header-display":"","ast-hfb-above-header-display":"","ast-hfb-below-header-display":"","ast-hfb-mobile-header-display":"","site-post-title":"disabled","ast-breadcrumbs-content":"","ast-featured-img":"disabled","footer-sml-layout":"","ast-disable-related-posts":"","theme-transparent-header-meta":"","adv-header-id-meta":"","stick-header-meta":"","header-above-stick-meta":"","header-main-stick-meta":"","header-below-stick-meta":"","astra-migrate-meta-layouts":"default","ast-page-background-enabled":"default","ast-page-background-meta":{"desktop":{"background-color":"var(--ast-global-color-4)","background-image":"","background-repeat":"repeat","background-position":"center center","background-size":"auto","background-attachment":"scroll","background-type":"","background-media":"","overlay-type":"","overlay-color":"","overlay-opacity":"","overlay-gradient":""},"tablet":{"background-color":"","background-image":"","background-repeat":"repeat","background-position":"center center","background-size":"auto","background-attachment":"scroll","background-type":"","background-media":"","overlay-type":"","overlay-color":"","overlay-opacity":"","overlay-gradient":""},"mobile":{"background-color":"","background-image":"","background-repeat":"repeat","background-position":"center center","background-size":"auto","background-attachment":"scroll","background-type":"","background-media":"","overlay-type":"","overlay-color":"","overlay-opacity":"","overlay-gradient":""}},"ast-content-background-meta":{"desktop":{"background-color":"var(--ast-global-color-5)","background-image":"","background-repeat":"repeat","background-position":"center center","background-size":"auto","background-attachment":"scroll","background-type":"","background-media":"","overlay-type":"","overlay-color":"","overlay-opacity":"","overlay-gradient":""},"tablet":{"background-color":"var(--ast-global-color-5)","background-image":"","background-repeat":"repeat","background-position":"center center","background-size":"auto","background-attachment":"scroll","background-type":"","background-media":"","overlay-type":"","overlay-color":"","overlay-opacity":"","overlay-gradient":""},"mobile":{"background-color":"var(--ast-global-color-5)","background-image":"","background-repeat":"repeat","background-position":"center center","background-size":"auto","background-attachment":"scroll","background-type":"","background-media":"","overlay-type":"","overlay-color":"","overlay-opacity":"","overlay-gradient":""}},"footnotes":""},"class_list":["post-3582","page","type-page","status-publish","hentry"],"yoast_head":"<!-- This site is optimized with the Yoast SEO plugin v27.4 - https:\/\/yoast.com\/product\/yoast-seo-wordpress\/ -->\n<title>\u00c9clairage du Brault et Martineau - Axent Sup\u00e9rieur<\/title>\n<meta name=\"robots\" content=\"index, follow, max-snippet:-1, max-image-preview:large, max-video-preview:-1\" \/>\n<link rel=\"canonical\" href=\"https:\/\/axentsuperieur.com\/en\/realisations\/commercial\/realisations-magasins-de-details\/brault-et-martineau\/\" \/>\n<meta property=\"og:locale\" content=\"en_US\" \/>\n<meta property=\"og:type\" content=\"article\" \/>\n<meta property=\"og:title\" content=\"\u00c9clairage du Brault et Martineau - Axent Sup\u00e9rieur\" \/>\n<meta property=\"og:description\" content=\"L\u2019\u00e9clairage LED est un incontournable pour les grands magasins comme Brault &amp; Martineau, offrant une lumi\u00e8re uniforme et chaleureuse qui met en valeur les meubles, \u00e9lectrom\u00e9nagers et accessoires. Les LED permettent de cr\u00e9er une ambiance accueillante tout en dirigeant strat\u00e9giquement l\u2019attention des clients vers des zones cl\u00e9s comme les pr\u00e9sentations de produits et les promotions. \u00c9conomiques, durables et flexibles, les LED s\u2019adaptent \u00e0 toutes les sections du magasin, des espaces de d\u00e9monstration aux zones d\u2019accueil. D\u00e9couvrez comment l\u2019\u00e9clairage LED peut transformer votre magasin en un espace moderne, confortable et \u00e9co\u00e9nerg\u00e9tique.\" \/>\n<meta property=\"og:url\" content=\"https:\/\/axentsuperieur.com\/en\/realisations\/commercial\/realisations-magasins-de-details\/brault-et-martineau\/\" \/>\n<meta property=\"og:site_name\" content=\"Axent Sup\u00e9rieur\" \/>\n<meta property=\"article:publisher\" content=\"https:\/\/www.facebook.com\/axentled\/\" \/>\n<meta property=\"article:modified_time\" content=\"2025-03-17T15:38:54+00:00\" \/>\n<meta name=\"twitter:card\" content=\"summary_large_image\" \/>\n<meta name=\"twitter:label1\" content=\"Est. reading time\" \/>\n\t<meta name=\"twitter:data1\" content=\"1 minute\" \/>\n<script type=\"application\/ld+json\" class=\"yoast-schema-graph\">{\"@context\":\"https:\\\/\\\/schema.org\",\"@graph\":[{\"@type\":\"WebPage\",\"@id\":\"https:\\\/\\\/axentsuperieur.com\\\/realisations\\\/commercial\\\/realisations-magasins-de-details\\\/brault-et-martineau\\\/\",\"url\":\"https:\\\/\\\/axentsuperieur.com\\\/realisations\\\/commercial\\\/realisations-magasins-de-details\\\/brault-et-martineau\\\/\",\"name\":\"\u00c9clairage du Brault et Martineau - Axent Sup\u00e9rieur\",\"isPartOf\":{\"@id\":\"https:\\\/\\\/axentsuperieur.com\\\/#website\"},\"datePublished\":\"2024-11-26T14:12:56+00:00\",\"dateModified\":\"2025-03-17T15:38:54+00:00\",\"breadcrumb\":{\"@id\":\"https:\\\/\\\/axentsuperieur.com\\\/realisations\\\/commercial\\\/realisations-magasins-de-details\\\/brault-et-martineau\\\/#breadcrumb\"},\"inLanguage\":\"en-US\",\"potentialAction\":[{\"@type\":\"ReadAction\",\"target\":[\"https:\\\/\\\/axentsuperieur.com\\\/realisations\\\/commercial\\\/realisations-magasins-de-details\\\/brault-et-martineau\\\/\"]}]},{\"@type\":\"BreadcrumbList\",\"@id\":\"https:\\\/\\\/axentsuperieur.com\\\/realisations\\\/commercial\\\/realisations-magasins-de-details\\\/brault-et-martineau\\\/#breadcrumb\",\"itemListElement\":[{\"@type\":\"ListItem\",\"position\":1,\"name\":\"Home\",\"item\":\"https:\\\/\\\/axentsuperieur.com\\\/\"},{\"@type\":\"ListItem\",\"position\":2,\"name\":\"R\u00e9alisations\",\"item\":\"https:\\\/\\\/axentsuperieur.com\\\/realisations\\\/\"},{\"@type\":\"ListItem\",\"position\":3,\"name\":\"Commercial\",\"item\":\"https:\\\/\\\/axentsuperieur.com\\\/realisations\\\/commercial\\\/\"},{\"@type\":\"ListItem\",\"position\":4,\"name\":\"Magasin de d\u00e9tails\",\"item\":\"https:\\\/\\\/axentsuperieur.com\\\/realisations\\\/commercial\\\/realisations-magasins-de-details\\\/\"},{\"@type\":\"ListItem\",\"position\":5,\"name\":\"Brault et Martineau\"}]},{\"@type\":\"WebSite\",\"@id\":\"https:\\\/\\\/axentsuperieur.com\\\/#website\",\"url\":\"https:\\\/\\\/axentsuperieur.com\\\/\",\"name\":\"Axent Sup\u00e9rieur\",\"description\":\"Leader en \u00e9clairage LED\",\"publisher\":{\"@id\":\"https:\\\/\\\/axentsuperieur.com\\\/#organization\"},\"potentialAction\":[{\"@type\":\"SearchAction\",\"target\":{\"@type\":\"EntryPoint\",\"urlTemplate\":\"https:\\\/\\\/axentsuperieur.com\\\/?s={search_term_string}\"},\"query-input\":{\"@type\":\"PropertyValueSpecification\",\"valueRequired\":true,\"valueName\":\"search_term_string\"}}],\"inLanguage\":\"en-US\"},{\"@type\":\"Organization\",\"@id\":\"https:\\\/\\\/axentsuperieur.com\\\/#organization\",\"name\":\"Axent Sup\u00e9rieur\",\"url\":\"https:\\\/\\\/axentsuperieur.com\\\/\",\"logo\":{\"@type\":\"ImageObject\",\"inLanguage\":\"en-US\",\"@id\":\"https:\\\/\\\/axentsuperieur.com\\\/#\\\/schema\\\/logo\\\/image\\\/\",\"url\":\"https:\\\/\\\/axentsuperieur.com\\\/wp-content\\\/uploads\\\/2024\\\/10\\\/Axent-Superieur-sans-fond.png\",\"contentUrl\":\"https:\\\/\\\/axentsuperieur.com\\\/wp-content\\\/uploads\\\/2024\\\/10\\\/Axent-Superieur-sans-fond.png\",\"width\":2500,\"height\":1101,\"caption\":\"Axent Sup\u00e9rieur\"},\"image\":{\"@id\":\"https:\\\/\\\/axentsuperieur.com\\\/#\\\/schema\\\/logo\\\/image\\\/\"},\"sameAs\":[\"https:\\\/\\\/www.facebook.com\\\/axentled\\\/\",\"https:\\\/\\\/www.instagram.com\\\/axent_superieur\\\/\",\"https:\\\/\\\/www.linkedin.com\\\/company\\\/axentled\\\/\"]}]}<\/script>\n<!-- \/ Yoast SEO plugin. -->","yoast_head_json":{"title":"\u00c9clairage du Brault et Martineau - Axent Sup\u00e9rieur","robots":{"index":"index","follow":"follow","max-snippet":"max-snippet:-1","max-image-preview":"max-image-preview:large","max-video-preview":"max-video-preview:-1"},"canonical":"https:\/\/axentsuperieur.com\/en\/realisations\/commercial\/realisations-magasins-de-details\/brault-et-martineau\/","og_locale":"en_US","og_type":"article","og_title":"\u00c9clairage du Brault et Martineau - Axent Sup\u00e9rieur","og_description":"L\u2019\u00e9clairage LED est un incontournable pour les grands magasins comme Brault & Martineau, offrant une lumi\u00e8re uniforme et chaleureuse qui met en valeur les meubles, \u00e9lectrom\u00e9nagers et accessoires. Les LED permettent de cr\u00e9er une ambiance accueillante tout en dirigeant strat\u00e9giquement l\u2019attention des clients vers des zones cl\u00e9s comme les pr\u00e9sentations de produits et les promotions. \u00c9conomiques, durables et flexibles, les LED s\u2019adaptent \u00e0 toutes les sections du magasin, des espaces de d\u00e9monstration aux zones d\u2019accueil. D\u00e9couvrez comment l\u2019\u00e9clairage LED peut transformer votre magasin en un espace moderne, confortable et \u00e9co\u00e9nerg\u00e9tique.","og_url":"https:\/\/axentsuperieur.com\/en\/realisations\/commercial\/realisations-magasins-de-details\/brault-et-martineau\/","og_site_name":"Axent Sup\u00e9rieur","article_publisher":"https:\/\/www.facebook.com\/axentled\/","article_modified_time":"2025-03-17T15:38:54+00:00","twitter_card":"summary_large_image","twitter_misc":{"Est. reading time":"1 minute"},"schema":{"@context":"https:\/\/schema.org","@graph":[{"@type":"WebPage","@id":"https:\/\/axentsuperieur.com\/realisations\/commercial\/realisations-magasins-de-details\/brault-et-martineau\/","url":"https:\/\/axentsuperieur.com\/realisations\/commercial\/realisations-magasins-de-details\/brault-et-martineau\/","name":"\u00c9clairage du Brault et Martineau - Axent Sup\u00e9rieur","isPartOf":{"@id":"https:\/\/axentsuperieur.com\/#website"},"datePublished":"2024-11-26T14:12:56+00:00","dateModified":"2025-03-17T15:38:54+00:00","breadcrumb":{"@id":"https:\/\/axentsuperieur.com\/realisations\/commercial\/realisations-magasins-de-details\/brault-et-martineau\/#breadcrumb"},"inLanguage":"en-US","potentialAction":[{"@type":"ReadAction","target":["https:\/\/axentsuperieur.com\/realisations\/commercial\/realisations-magasins-de-details\/brault-et-martineau\/"]}]},{"@type":"BreadcrumbList","@id":"https:\/\/axentsuperieur.com\/realisations\/commercial\/realisations-magasins-de-details\/brault-et-martineau\/#breadcrumb","itemListElement":[{"@type":"ListItem","position":1,"name":"Home","item":"https:\/\/axentsuperieur.com\/"},{"@type":"ListItem","position":2,"name":"R\u00e9alisations","item":"https:\/\/axentsuperieur.com\/realisations\/"},{"@type":"ListItem","position":3,"name":"Commercial","item":"https:\/\/axentsuperieur.com\/realisations\/commercial\/"},{"@type":"ListItem","position":4,"name":"Magasin de d\u00e9tails","item":"https:\/\/axentsuperieur.com\/realisations\/commercial\/realisations-magasins-de-details\/"},{"@type":"ListItem","position":5,"name":"Brault et Martineau"}]},{"@type":"WebSite","@id":"https:\/\/axentsuperieur.com\/#website","url":"https:\/\/axentsuperieur.com\/","name":"Axent Sup\u00e9rieur","description":"Leader en \u00e9clairage LED","publisher":{"@id":"https:\/\/axentsuperieur.com\/#organization"},"potentialAction":[{"@type":"SearchAction","target":{"@type":"EntryPoint","urlTemplate":"https:\/\/axentsuperieur.com\/?s={search_term_string}"},"query-input":{"@type":"PropertyValueSpecification","valueRequired":true,"valueName":"search_term_string"}}],"inLanguage":"en-US"},{"@type":"Organization","@id":"https:\/\/axentsuperieur.com\/#organization","name":"Axent Sup\u00e9rieur","url":"https:\/\/axentsuperieur.com\/","logo":{"@type":"ImageObject","inLanguage":"en-US","@id":"https:\/\/axentsuperieur.com\/#\/schema\/logo\/image\/","url":"https:\/\/axentsuperieur.com\/wp-content\/uploads\/2024\/10\/Axent-Superieur-sans-fond.png","contentUrl":"https:\/\/axentsuperieur.com\/wp-content\/uploads\/2024\/10\/Axent-Superieur-sans-fond.png","width":2500,"height":1101,"caption":"Axent Sup\u00e9rieur"},"image":{"@id":"https:\/\/axentsuperieur.com\/#\/schema\/logo\/image\/"},"sameAs":["https:\/\/www.facebook.com\/axentled\/","https:\/\/www.instagram.com\/axent_superieur\/","https:\/\/www.linkedin.com\/company\/axentled\/"]}]}},"jetpack_sharing_enabled":true,"_links":{"self":[{"href":"https:\/\/axentsuperieur.com\/en\/wp-json\/wp\/v2\/pages\/3582","targetHints":{"allow":["GET"]}}],"collection":[{"href":"https:\/\/axentsuperieur.com\/en\/wp-json\/wp\/v2\/pages"}],"about":[{"href":"https:\/\/axentsuperieur.com\/en\/wp-json\/wp\/v2\/types\/page"}],"author":[{"embeddable":true,"href":"https:\/\/axentsuperieur.com\/en\/wp-json\/wp\/v2\/users\/7"}],"replies":[{"embeddable":true,"href":"https:\/\/axentsuperieur.com\/en\/wp-json\/wp\/v2\/comments?post=3582"}],"version-history":[{"count":12,"href":"https:\/\/axentsuperieur.com\/en\/wp-json\/wp\/v2\/pages\/3582\/revisions"}],"predecessor-version":[{"id":15187,"href":"https:\/\/axentsuperieur.com\/en\/wp-json\/wp\/v2\/pages\/3582\/revisions\/15187"}],"up":[{"embeddable":true,"href":"https:\/\/axentsuperieur.com\/en\/wp-json\/wp\/v2\/pages\/3546"}],"wp:attachment":[{"href":"https:\/\/axentsuperieur.com\/en\/wp-json\/wp\/v2\/media?parent=3582"}],"curies":[{"name":"wp","href":"https:\/\/api.w.org\/{rel}","templated":true}]}}