{"id":12471,"date":"2024-11-26T17:36:33","date_gmt":"2024-11-26T22:36:33","guid":{"rendered":"https:\/\/rochonentreprise.wpcomstaging.com\/?page_id=4743"},"modified":"2025-03-17T11:25:18","modified_gmt":"2025-03-17T15:25:18","slug":"kamloop","status":"publish","type":"page","link":"https:\/\/axentsuperieur.com\/en\/realisations\/realisation-institutionnel-et-bureaux\/kamloop\/","title":{"rendered":"Kamloop"},"content":{"rendered":"<div data-elementor-type=\"wp-page\" data-elementor-id=\"12471\" class=\"elementor elementor-12471\" data-elementor-post-type=\"page\">\n\t\t\t\t<div class=\"elementor-element elementor-element-4abe6338 e-flex e-con-boxed e-con e-parent\" data-id=\"4abe6338\" data-element_type=\"container\" data-e-type=\"container\">\n\t\t\t\t\t<div class=\"e-con-inner\">\n\t\t\t\t<div class=\"elementor-element elementor-element-43b74e64 elementor-widget elementor-widget-heading\" data-id=\"43b74e64\" data-element_type=\"widget\" data-e-type=\"widget\" data-widget_type=\"heading.default\">\n\t\t\t\t<div class=\"elementor-widget-container\">\n\t\t\t\t\t<h2 class=\"elementor-heading-title elementor-size-default\">KAMLOOP<\/h2>\t\t\t\t<\/div>\n\t\t\t\t<\/div>\n\t\t\t\t<div class=\"elementor-element elementor-element-120f8025 elementor-widget elementor-widget-gallery\" data-id=\"120f8025\" data-element_type=\"widget\" data-e-type=\"widget\" data-settings=\"{&quot;aspect_ratio&quot;:&quot;1:1&quot;,&quot;lazyload&quot;:&quot;yes&quot;,&quot;gallery_layout&quot;:&quot;grid&quot;,&quot;columns&quot;:4,&quot;columns_tablet&quot;:2,&quot;columns_mobile&quot;:1,&quot;gap&quot;:{&quot;unit&quot;:&quot;px&quot;,&quot;size&quot;:10,&quot;sizes&quot;:[]},&quot;gap_tablet&quot;:{&quot;unit&quot;:&quot;px&quot;,&quot;size&quot;:10,&quot;sizes&quot;:[]},&quot;gap_mobile&quot;:{&quot;unit&quot;:&quot;px&quot;,&quot;size&quot;:10,&quot;sizes&quot;:[]},&quot;link_to&quot;:&quot;file&quot;,&quot;overlay_background&quot;:&quot;yes&quot;,&quot;content_hover_animation&quot;:&quot;fade-in&quot;}\" data-widget_type=\"gallery.default\">\n\t\t\t\t<div class=\"elementor-widget-container\">\n\t\t\t\t\t\t\t<div class=\"elementor-gallery__container\">\n\t\t\t\t\t\t\t<a class=\"e-gallery-item elementor-gallery-item elementor-animated-content\" href=\"https:\/\/axentsuperieur.com\/wp-content\/uploads\/2024\/11\/AXENT_LED_SUPERIEUR-KAMLOOP-01-scaled.jpg\" data-elementor-open-lightbox=\"yes\" data-elementor-lightbox-slideshow=\"120f8025\" data-e-action-hash=\"#elementor-action%3Aaction%3Dlightbox%26settings%3DeyJpZCI6NDc0NSwidXJsIjoiaHR0cHM6XC9cL2F4ZW50c3VwZXJpZXVyLmNvbVwvd3AtY29udGVudFwvdXBsb2Fkc1wvMjAyNFwvMTFcL0FYRU5UX0xFRF9TVVBFUklFVVItS0FNTE9PUC0wMS1zY2FsZWQuanBnIiwic2xpZGVzaG93IjoiMTIwZjgwMjUifQ%3D%3D\">\n\t\t\t\t\t<div class=\"e-gallery-image elementor-gallery-item__image\" data-thumbnail=\"https:\/\/axentsuperieur.com\/wp-content\/uploads\/2024\/11\/AXENT_LED_SUPERIEUR-KAMLOOP-01-scaled.jpg\" data-width=\"2560\" data-height=\"1213\" aria-label=\"\" role=\"img\" ><\/div>\n\t\t\t\t\t\t\t\t\t\t\t<div class=\"elementor-gallery-item__overlay\"><\/div>\n\t\t\t\t\t\t\t\t\t\t\t\t\t\t<\/a>\n\t\t\t\t\t\t\t<a class=\"e-gallery-item elementor-gallery-item elementor-animated-content\" href=\"https:\/\/axentsuperieur.com\/wp-content\/uploads\/2024\/11\/AXENT_LED_SUPERIEUR-KAMLOOP-02-scaled.jpg\" data-elementor-open-lightbox=\"yes\" data-elementor-lightbox-slideshow=\"120f8025\" data-e-action-hash=\"#elementor-action%3Aaction%3Dlightbox%26settings%3DeyJpZCI6MTI4MDEsInVybCI6Imh0dHBzOlwvXC9heGVudHN1cGVyaWV1ci5jb21cL3dwLWNvbnRlbnRcL3VwbG9hZHNcLzIwMjRcLzExXC9BWEVOVF9MRURfU1VQRVJJRVVSLUtBTUxPT1AtMDItc2NhbGVkLmpwZyIsInNsaWRlc2hvdyI6IjEyMGY4MDI1In0%3D\">\n\t\t\t\t\t<div class=\"e-gallery-image elementor-gallery-item__image\" data-thumbnail=\"https:\/\/axentsuperieur.com\/wp-content\/uploads\/2024\/11\/AXENT_LED_SUPERIEUR-KAMLOOP-02-scaled.jpg\" data-width=\"2560\" data-height=\"1211\" aria-label=\"\" role=\"img\" ><\/div>\n\t\t\t\t\t\t\t\t\t\t\t<div class=\"elementor-gallery-item__overlay\"><\/div>\n\t\t\t\t\t\t\t\t\t\t\t\t\t\t<\/a>\n\t\t\t\t\t\t\t<a class=\"e-gallery-item elementor-gallery-item elementor-animated-content\" href=\"https:\/\/axentsuperieur.com\/wp-content\/uploads\/2024\/11\/AXENT_LED_SUPERIEUR-KAMLOOP-03-scaled.jpg\" data-elementor-open-lightbox=\"yes\" data-elementor-lightbox-slideshow=\"120f8025\" data-e-action-hash=\"#elementor-action%3Aaction%3Dlightbox%26settings%3DeyJpZCI6NDc0NywidXJsIjoiaHR0cHM6XC9cL2F4ZW50c3VwZXJpZXVyLmNvbVwvd3AtY29udGVudFwvdXBsb2Fkc1wvMjAyNFwvMTFcL0FYRU5UX0xFRF9TVVBFUklFVVItS0FNTE9PUC0wMy1zY2FsZWQuanBnIiwic2xpZGVzaG93IjoiMTIwZjgwMjUifQ%3D%3D\">\n\t\t\t\t\t<div class=\"e-gallery-image elementor-gallery-item__image\" data-thumbnail=\"https:\/\/axentsuperieur.com\/wp-content\/uploads\/2024\/11\/AXENT_LED_SUPERIEUR-KAMLOOP-03-scaled.jpg\" data-width=\"2560\" data-height=\"1211\" aria-label=\"\" role=\"img\" ><\/div>\n\t\t\t\t\t\t\t\t\t\t\t<div class=\"elementor-gallery-item__overlay\"><\/div>\n\t\t\t\t\t\t\t\t\t\t\t\t\t\t<\/a>\n\t\t\t\t\t\t\t<a class=\"e-gallery-item elementor-gallery-item elementor-animated-content\" href=\"https:\/\/axentsuperieur.com\/wp-content\/uploads\/2024\/11\/AXENT_LED_SUPERIEUR-KAMLOOP-04-rotated-1-scaled.jpg\" data-elementor-open-lightbox=\"yes\" data-elementor-lightbox-slideshow=\"120f8025\" data-e-action-hash=\"#elementor-action%3Aaction%3Dlightbox%26settings%3DeyJpZCI6MTI4MDIsInVybCI6Imh0dHBzOlwvXC9heGVudHN1cGVyaWV1ci5jb21cL3dwLWNvbnRlbnRcL3VwbG9hZHNcLzIwMjRcLzExXC9BWEVOVF9MRURfU1VQRVJJRVVSLUtBTUxPT1AtMDQtcm90YXRlZC0xLXNjYWxlZC5qcGciLCJzbGlkZXNob3ciOiIxMjBmODAyNSJ9\">\n\t\t\t\t\t<div class=\"e-gallery-image elementor-gallery-item__image\" data-thumbnail=\"https:\/\/axentsuperieur.com\/wp-content\/uploads\/2024\/11\/AXENT_LED_SUPERIEUR-KAMLOOP-04-rotated-1-scaled.jpg\" data-width=\"1211\" data-height=\"2560\" aria-label=\"\" role=\"img\" ><\/div>\n\t\t\t\t\t\t\t\t\t\t\t<div class=\"elementor-gallery-item__overlay\"><\/div>\n\t\t\t\t\t\t\t\t\t\t\t\t\t\t<\/a>\n\t\t\t\t\t\t\t<a class=\"e-gallery-item elementor-gallery-item elementor-animated-content\" href=\"https:\/\/axentsuperieur.com\/wp-content\/uploads\/2024\/11\/AXENT_LED_SUPERIEUR-KAMLOOP-05-scaled.jpg\" data-elementor-open-lightbox=\"yes\" data-elementor-lightbox-slideshow=\"120f8025\" data-e-action-hash=\"#elementor-action%3Aaction%3Dlightbox%26settings%3DeyJpZCI6NDc0OSwidXJsIjoiaHR0cHM6XC9cL2F4ZW50c3VwZXJpZXVyLmNvbVwvd3AtY29udGVudFwvdXBsb2Fkc1wvMjAyNFwvMTFcL0FYRU5UX0xFRF9TVVBFUklFVVItS0FNTE9PUC0wNS1zY2FsZWQuanBnIiwic2xpZGVzaG93IjoiMTIwZjgwMjUifQ%3D%3D\">\n\t\t\t\t\t<div class=\"e-gallery-image elementor-gallery-item__image\" data-thumbnail=\"https:\/\/axentsuperieur.com\/wp-content\/uploads\/2024\/11\/AXENT_LED_SUPERIEUR-KAMLOOP-05-scaled.jpg\" data-width=\"2560\" data-height=\"1213\" aria-label=\"\" role=\"img\" ><\/div>\n\t\t\t\t\t\t\t\t\t\t\t<div class=\"elementor-gallery-item__overlay\"><\/div>\n\t\t\t\t\t\t\t\t\t\t\t\t\t\t<\/a>\n\t\t\t\t\t\t\t<a class=\"e-gallery-item elementor-gallery-item elementor-animated-content\" href=\"https:\/\/axentsuperieur.com\/wp-content\/uploads\/2024\/11\/AXENT_LED_SUPERIEUR-KAMLOOP-06-scaled.jpg\" data-elementor-open-lightbox=\"yes\" data-elementor-lightbox-slideshow=\"120f8025\" data-e-action-hash=\"#elementor-action%3Aaction%3Dlightbox%26settings%3DeyJpZCI6MTI4MDMsInVybCI6Imh0dHBzOlwvXC9heGVudHN1cGVyaWV1ci5jb21cL3dwLWNvbnRlbnRcL3VwbG9hZHNcLzIwMjRcLzExXC9BWEVOVF9MRURfU1VQRVJJRVVSLUtBTUxPT1AtMDYtc2NhbGVkLmpwZyIsInNsaWRlc2hvdyI6IjEyMGY4MDI1In0%3D\">\n\t\t\t\t\t<div class=\"e-gallery-image elementor-gallery-item__image\" data-thumbnail=\"https:\/\/axentsuperieur.com\/wp-content\/uploads\/2024\/11\/AXENT_LED_SUPERIEUR-KAMLOOP-06-scaled.jpg\" data-width=\"2560\" data-height=\"1211\" aria-label=\"\" role=\"img\" ><\/div>\n\t\t\t\t\t\t\t\t\t\t\t<div class=\"elementor-gallery-item__overlay\"><\/div>\n\t\t\t\t\t\t\t\t\t\t\t\t\t\t<\/a>\n\t\t\t\t\t\t\t<a class=\"e-gallery-item elementor-gallery-item elementor-animated-content\" href=\"https:\/\/axentsuperieur.com\/wp-content\/uploads\/2024\/11\/AXENT_LED_SUPERIEUR-KAMLOOP-07-scaled.jpg\" data-elementor-open-lightbox=\"yes\" data-elementor-lightbox-slideshow=\"120f8025\" data-e-action-hash=\"#elementor-action%3Aaction%3Dlightbox%26settings%3DeyJpZCI6NDc1MSwidXJsIjoiaHR0cHM6XC9cL2F4ZW50c3VwZXJpZXVyLmNvbVwvd3AtY29udGVudFwvdXBsb2Fkc1wvMjAyNFwvMTFcL0FYRU5UX0xFRF9TVVBFUklFVVItS0FNTE9PUC0wNy1zY2FsZWQuanBnIiwic2xpZGVzaG93IjoiMTIwZjgwMjUifQ%3D%3D\">\n\t\t\t\t\t<div class=\"e-gallery-image elementor-gallery-item__image\" data-thumbnail=\"https:\/\/axentsuperieur.com\/wp-content\/uploads\/2024\/11\/AXENT_LED_SUPERIEUR-KAMLOOP-07-scaled.jpg\" data-width=\"2560\" data-height=\"1213\" aria-label=\"\" role=\"img\" ><\/div>\n\t\t\t\t\t\t\t\t\t\t\t<div class=\"elementor-gallery-item__overlay\"><\/div>\n\t\t\t\t\t\t\t\t\t\t\t\t\t\t<\/a>\n\t\t\t\t\t\t\t<a class=\"e-gallery-item elementor-gallery-item elementor-animated-content\" href=\"https:\/\/axentsuperieur.com\/wp-content\/uploads\/2024\/11\/AXENT_LED_SUPERIEUR-KAMLOOP-08-rotated-1-scaled.jpg\" data-elementor-open-lightbox=\"yes\" data-elementor-lightbox-slideshow=\"120f8025\" data-e-action-hash=\"#elementor-action%3Aaction%3Dlightbox%26settings%3DeyJpZCI6MTI4MDQsInVybCI6Imh0dHBzOlwvXC9heGVudHN1cGVyaWV1ci5jb21cL3dwLWNvbnRlbnRcL3VwbG9hZHNcLzIwMjRcLzExXC9BWEVOVF9MRURfU1VQRVJJRVVSLUtBTUxPT1AtMDgtcm90YXRlZC0xLXNjYWxlZC5qcGciLCJzbGlkZXNob3ciOiIxMjBmODAyNSJ9\">\n\t\t\t\t\t<div class=\"e-gallery-image elementor-gallery-item__image\" data-thumbnail=\"https:\/\/axentsuperieur.com\/wp-content\/uploads\/2024\/11\/AXENT_LED_SUPERIEUR-KAMLOOP-08-rotated-1-scaled.jpg\" data-width=\"1213\" data-height=\"2560\" aria-label=\"\" role=\"img\" ><\/div>\n\t\t\t\t\t\t\t\t\t\t\t<div class=\"elementor-gallery-item__overlay\"><\/div>\n\t\t\t\t\t\t\t\t\t\t\t\t\t\t<\/a>\n\t\t\t\t\t<\/div>\n\t\t\t\t\t<\/div>\n\t\t\t\t<\/div>\n\t\t\t\t\t<\/div>\n\t\t\t\t<\/div>\n\t\t\t\t<\/div>","protected":false},"excerpt":{"rendered":"<p>Nous avons r\u00e9cemment install\u00e9 un syst\u00e8me d&rsquo;\u00e9clairage ext\u00e9rieur moderne et efficace pour un complexe de bureaux. L&rsquo;objectif \u00e9tait de s\u00e9curiser l&rsquo;acc\u00e8s \u00e0 l&rsquo;immeuble tout en cr\u00e9ant une ambiance professionnelle et accueillante pour les visiteurs et les employ\u00e9s en soir\u00e9e. L&rsquo;\u00e9clairage ext\u00e9rieur LED offre une solution \u00e0 la fois esth\u00e9tique, \u00e9conomique et durable pour un environnement de travail ext\u00e9rieur s\u00e9curis\u00e9 et fonctionnel.<\/p>","protected":false},"author":7,"featured_media":4745,"parent":4654,"menu_order":0,"comment_status":"closed","ping_status":"closed","template":"","meta":{"site-sidebar-layout":"no-sidebar","site-content-layout":"page-builder","ast-site-content-layout":"full-width-container","site-content-style":"default","site-sidebar-style":"default","ast-global-header-display":"","ast-banner-title-visibility":"","ast-main-header-display":"","ast-hfb-above-header-display":"","ast-hfb-below-header-display":"","ast-hfb-mobile-header-display":"","site-post-title":"disabled","ast-breadcrumbs-content":"","ast-featured-img":"disabled","footer-sml-layout":"","ast-disable-related-posts":"","theme-transparent-header-meta":"","adv-header-id-meta":"","stick-header-meta":"","header-above-stick-meta":"","header-main-stick-meta":"","header-below-stick-meta":"","astra-migrate-meta-layouts":"default","ast-page-background-enabled":"default","ast-page-background-meta":{"desktop":{"background-color":"var(--ast-global-color-4)","background-image":"","background-repeat":"repeat","background-position":"center center","background-size":"auto","background-attachment":"scroll","background-type":"","background-media":"","overlay-type":"","overlay-color":"","overlay-opacity":"","overlay-gradient":""},"tablet":{"background-color":"","background-image":"","background-repeat":"repeat","background-position":"center center","background-size":"auto","background-attachment":"scroll","background-type":"","background-media":"","overlay-type":"","overlay-color":"","overlay-opacity":"","overlay-gradient":""},"mobile":{"background-color":"","background-image":"","background-repeat":"repeat","background-position":"center center","background-size":"auto","background-attachment":"scroll","background-type":"","background-media":"","overlay-type":"","overlay-color":"","overlay-opacity":"","overlay-gradient":""}},"ast-content-background-meta":{"desktop":{"background-color":"var(--ast-global-color-5)","background-image":"","background-repeat":"repeat","background-position":"center center","background-size":"auto","background-attachment":"scroll","background-type":"","background-media":"","overlay-type":"","overlay-color":"","overlay-opacity":"","overlay-gradient":""},"tablet":{"background-color":"var(--ast-global-color-5)","background-image":"","background-repeat":"repeat","background-position":"center center","background-size":"auto","background-attachment":"scroll","background-type":"","background-media":"","overlay-type":"","overlay-color":"","overlay-opacity":"","overlay-gradient":""},"mobile":{"background-color":"var(--ast-global-color-5)","background-image":"","background-repeat":"repeat","background-position":"center center","background-size":"auto","background-attachment":"scroll","background-type":"","background-media":"","overlay-type":"","overlay-color":"","overlay-opacity":"","overlay-gradient":""}},"footnotes":""},"class_list":["post-12471","page","type-page","status-publish","has-post-thumbnail","hentry"],"yoast_head":"<!-- This site is optimized with the Yoast SEO plugin v27.4 - https:\/\/yoast.com\/product\/yoast-seo-wordpress\/ -->\n<title>\u00c9clairage Ext\u00e9rieur du Kamloop - Axent Sup\u00e9rieur<\/title>\n<meta name=\"robots\" content=\"index, follow, max-snippet:-1, max-image-preview:large, max-video-preview:-1\" \/>\n<link rel=\"canonical\" href=\"https:\/\/axentsuperieur.com\/en\/realisations\/realisation-institutionnel-et-bureaux\/kamloop\/\" \/>\n<meta property=\"og:locale\" content=\"en_US\" \/>\n<meta property=\"og:type\" content=\"article\" \/>\n<meta property=\"og:title\" content=\"\u00c9clairage Ext\u00e9rieur du Kamloop - Axent Sup\u00e9rieur\" \/>\n<meta property=\"og:description\" content=\"Nous avons r\u00e9cemment install\u00e9 un syst\u00e8me d&#039;\u00e9clairage ext\u00e9rieur moderne et efficace pour un complexe de bureaux. L&#039;objectif \u00e9tait de s\u00e9curiser l&#039;acc\u00e8s \u00e0 l&#039;immeuble tout en cr\u00e9ant une ambiance professionnelle et accueillante pour les visiteurs et les employ\u00e9s en soir\u00e9e. L&#039;\u00e9clairage ext\u00e9rieur LED offre une solution \u00e0 la fois esth\u00e9tique, \u00e9conomique et durable pour un environnement de travail ext\u00e9rieur s\u00e9curis\u00e9 et fonctionnel.\" \/>\n<meta property=\"og:url\" content=\"https:\/\/axentsuperieur.com\/en\/realisations\/realisation-institutionnel-et-bureaux\/kamloop\/\" \/>\n<meta property=\"og:site_name\" content=\"Axent Sup\u00e9rieur\" \/>\n<meta property=\"article:publisher\" content=\"https:\/\/www.facebook.com\/axentled\/\" \/>\n<meta property=\"article:modified_time\" content=\"2025-03-17T15:25:18+00:00\" \/>\n<meta property=\"og:image\" content=\"https:\/\/axentsuperieur.com\/wp-content\/uploads\/2024\/11\/AXENT_LED_SUPERIEUR-KAMLOOP-01-scaled.jpg\" \/>\n\t<meta property=\"og:image:width\" content=\"2560\" \/>\n\t<meta property=\"og:image:height\" content=\"1213\" \/>\n\t<meta property=\"og:image:type\" content=\"image\/jpeg\" \/>\n<meta name=\"twitter:card\" content=\"summary_large_image\" \/>\n<meta name=\"twitter:label1\" content=\"Est. reading time\" \/>\n\t<meta name=\"twitter:data1\" content=\"1 minute\" \/>\n<script type=\"application\/ld+json\" class=\"yoast-schema-graph\">{\"@context\":\"https:\\\/\\\/schema.org\",\"@graph\":[{\"@type\":\"WebPage\",\"@id\":\"https:\\\/\\\/axentsuperieur.com\\\/realisations\\\/realisation-institutionnel-et-bureaux\\\/kamloop\\\/\",\"url\":\"https:\\\/\\\/axentsuperieur.com\\\/realisations\\\/realisation-institutionnel-et-bureaux\\\/kamloop\\\/\",\"name\":\"\u00c9clairage Ext\u00e9rieur du Kamloop - Axent Sup\u00e9rieur\",\"isPartOf\":{\"@id\":\"https:\\\/\\\/axentsuperieur.com\\\/#website\"},\"primaryImageOfPage\":{\"@id\":\"https:\\\/\\\/axentsuperieur.com\\\/realisations\\\/realisation-institutionnel-et-bureaux\\\/kamloop\\\/#primaryimage\"},\"image\":{\"@id\":\"https:\\\/\\\/axentsuperieur.com\\\/realisations\\\/realisation-institutionnel-et-bureaux\\\/kamloop\\\/#primaryimage\"},\"thumbnailUrl\":\"https:\\\/\\\/axentsuperieur.com\\\/wp-content\\\/uploads\\\/2024\\\/11\\\/AXENT_LED_SUPERIEUR-KAMLOOP-01-scaled.jpg\",\"datePublished\":\"2024-11-26T22:36:33+00:00\",\"dateModified\":\"2025-03-17T15:25:18+00:00\",\"breadcrumb\":{\"@id\":\"https:\\\/\\\/axentsuperieur.com\\\/realisations\\\/realisation-institutionnel-et-bureaux\\\/kamloop\\\/#breadcrumb\"},\"inLanguage\":\"en-US\",\"potentialAction\":[{\"@type\":\"ReadAction\",\"target\":[\"https:\\\/\\\/axentsuperieur.com\\\/realisations\\\/realisation-institutionnel-et-bureaux\\\/kamloop\\\/\"]}]},{\"@type\":\"ImageObject\",\"inLanguage\":\"en-US\",\"@id\":\"https:\\\/\\\/axentsuperieur.com\\\/realisations\\\/realisation-institutionnel-et-bureaux\\\/kamloop\\\/#primaryimage\",\"url\":\"https:\\\/\\\/axentsuperieur.com\\\/wp-content\\\/uploads\\\/2024\\\/11\\\/AXENT_LED_SUPERIEUR-KAMLOOP-01-scaled.jpg\",\"contentUrl\":\"https:\\\/\\\/axentsuperieur.com\\\/wp-content\\\/uploads\\\/2024\\\/11\\\/AXENT_LED_SUPERIEUR-KAMLOOP-01-scaled.jpg\",\"width\":2560,\"height\":1213,\"caption\":\"Dans le cadre de l'am\u00e9nagement du bureau du chef d'une prestigieuse compagnie de mode, nous avons install\u00e9 un \u00e9clairage LED haut de gamme, alliant design et efficacit\u00e9 \u00e9nerg\u00e9tique. L'objectif \u00e9tait de cr\u00e9er un environnement de travail \u00e0 la fois \u00e9l\u00e9gant, inspirant et fonctionnel, tout en optimisant la consommation \u00e9nerg\u00e9tique et le confort visuel.\"},{\"@type\":\"BreadcrumbList\",\"@id\":\"https:\\\/\\\/axentsuperieur.com\\\/realisations\\\/realisation-institutionnel-et-bureaux\\\/kamloop\\\/#breadcrumb\",\"itemListElement\":[{\"@type\":\"ListItem\",\"position\":1,\"name\":\"Home\",\"item\":\"https:\\\/\\\/axentsuperieur.com\\\/\"},{\"@type\":\"ListItem\",\"position\":2,\"name\":\"R\u00e9alisations\",\"item\":\"https:\\\/\\\/axentsuperieur.com\\\/realisations\\\/\"},{\"@type\":\"ListItem\",\"position\":3,\"name\":\"Institutionnel &#038; Espaces Bureaux\",\"item\":\"https:\\\/\\\/axentsuperieur.com\\\/realisations\\\/realisation-institutionnel-et-bureaux\\\/\"},{\"@type\":\"ListItem\",\"position\":4,\"name\":\"Kamloop\"}]},{\"@type\":\"WebSite\",\"@id\":\"https:\\\/\\\/axentsuperieur.com\\\/#website\",\"url\":\"https:\\\/\\\/axentsuperieur.com\\\/\",\"name\":\"Axent Sup\u00e9rieur\",\"description\":\"Leader en \u00e9clairage LED\",\"publisher\":{\"@id\":\"https:\\\/\\\/axentsuperieur.com\\\/#organization\"},\"potentialAction\":[{\"@type\":\"SearchAction\",\"target\":{\"@type\":\"EntryPoint\",\"urlTemplate\":\"https:\\\/\\\/axentsuperieur.com\\\/?s={search_term_string}\"},\"query-input\":{\"@type\":\"PropertyValueSpecification\",\"valueRequired\":true,\"valueName\":\"search_term_string\"}}],\"inLanguage\":\"en-US\"},{\"@type\":\"Organization\",\"@id\":\"https:\\\/\\\/axentsuperieur.com\\\/#organization\",\"name\":\"Axent Sup\u00e9rieur\",\"url\":\"https:\\\/\\\/axentsuperieur.com\\\/\",\"logo\":{\"@type\":\"ImageObject\",\"inLanguage\":\"en-US\",\"@id\":\"https:\\\/\\\/axentsuperieur.com\\\/#\\\/schema\\\/logo\\\/image\\\/\",\"url\":\"https:\\\/\\\/axentsuperieur.com\\\/wp-content\\\/uploads\\\/2024\\\/10\\\/Axent-Superieur-sans-fond.png\",\"contentUrl\":\"https:\\\/\\\/axentsuperieur.com\\\/wp-content\\\/uploads\\\/2024\\\/10\\\/Axent-Superieur-sans-fond.png\",\"width\":2500,\"height\":1101,\"caption\":\"Axent Sup\u00e9rieur\"},\"image\":{\"@id\":\"https:\\\/\\\/axentsuperieur.com\\\/#\\\/schema\\\/logo\\\/image\\\/\"},\"sameAs\":[\"https:\\\/\\\/www.facebook.com\\\/axentled\\\/\",\"https:\\\/\\\/www.instagram.com\\\/axent_superieur\\\/\",\"https:\\\/\\\/www.linkedin.com\\\/company\\\/axentled\\\/\"]}]}<\/script>\n<!-- \/ Yoast SEO plugin. -->","yoast_head_json":{"title":"\u00c9clairage Ext\u00e9rieur du Kamloop - Axent Sup\u00e9rieur","robots":{"index":"index","follow":"follow","max-snippet":"max-snippet:-1","max-image-preview":"max-image-preview:large","max-video-preview":"max-video-preview:-1"},"canonical":"https:\/\/axentsuperieur.com\/en\/realisations\/realisation-institutionnel-et-bureaux\/kamloop\/","og_locale":"en_US","og_type":"article","og_title":"\u00c9clairage Ext\u00e9rieur du Kamloop - Axent Sup\u00e9rieur","og_description":"Nous avons r\u00e9cemment install\u00e9 un syst\u00e8me d'\u00e9clairage ext\u00e9rieur moderne et efficace pour un complexe de bureaux. L'objectif \u00e9tait de s\u00e9curiser l'acc\u00e8s \u00e0 l'immeuble tout en cr\u00e9ant une ambiance professionnelle et accueillante pour les visiteurs et les employ\u00e9s en soir\u00e9e. L'\u00e9clairage ext\u00e9rieur LED offre une solution \u00e0 la fois esth\u00e9tique, \u00e9conomique et durable pour un environnement de travail ext\u00e9rieur s\u00e9curis\u00e9 et fonctionnel.","og_url":"https:\/\/axentsuperieur.com\/en\/realisations\/realisation-institutionnel-et-bureaux\/kamloop\/","og_site_name":"Axent Sup\u00e9rieur","article_publisher":"https:\/\/www.facebook.com\/axentled\/","article_modified_time":"2025-03-17T15:25:18+00:00","og_image":[{"width":2560,"height":1213,"url":"https:\/\/axentsuperieur.com\/wp-content\/uploads\/2024\/11\/AXENT_LED_SUPERIEUR-KAMLOOP-01-scaled.jpg","type":"image\/jpeg"}],"twitter_card":"summary_large_image","twitter_misc":{"Est. reading time":"1 minute"},"schema":{"@context":"https:\/\/schema.org","@graph":[{"@type":"WebPage","@id":"https:\/\/axentsuperieur.com\/realisations\/realisation-institutionnel-et-bureaux\/kamloop\/","url":"https:\/\/axentsuperieur.com\/realisations\/realisation-institutionnel-et-bureaux\/kamloop\/","name":"\u00c9clairage Ext\u00e9rieur du Kamloop - Axent Sup\u00e9rieur","isPartOf":{"@id":"https:\/\/axentsuperieur.com\/#website"},"primaryImageOfPage":{"@id":"https:\/\/axentsuperieur.com\/realisations\/realisation-institutionnel-et-bureaux\/kamloop\/#primaryimage"},"image":{"@id":"https:\/\/axentsuperieur.com\/realisations\/realisation-institutionnel-et-bureaux\/kamloop\/#primaryimage"},"thumbnailUrl":"https:\/\/axentsuperieur.com\/wp-content\/uploads\/2024\/11\/AXENT_LED_SUPERIEUR-KAMLOOP-01-scaled.jpg","datePublished":"2024-11-26T22:36:33+00:00","dateModified":"2025-03-17T15:25:18+00:00","breadcrumb":{"@id":"https:\/\/axentsuperieur.com\/realisations\/realisation-institutionnel-et-bureaux\/kamloop\/#breadcrumb"},"inLanguage":"en-US","potentialAction":[{"@type":"ReadAction","target":["https:\/\/axentsuperieur.com\/realisations\/realisation-institutionnel-et-bureaux\/kamloop\/"]}]},{"@type":"ImageObject","inLanguage":"en-US","@id":"https:\/\/axentsuperieur.com\/realisations\/realisation-institutionnel-et-bureaux\/kamloop\/#primaryimage","url":"https:\/\/axentsuperieur.com\/wp-content\/uploads\/2024\/11\/AXENT_LED_SUPERIEUR-KAMLOOP-01-scaled.jpg","contentUrl":"https:\/\/axentsuperieur.com\/wp-content\/uploads\/2024\/11\/AXENT_LED_SUPERIEUR-KAMLOOP-01-scaled.jpg","width":2560,"height":1213,"caption":"Dans le cadre de l'am\u00e9nagement du bureau du chef d'une prestigieuse compagnie de mode, nous avons install\u00e9 un \u00e9clairage LED haut de gamme, alliant design et efficacit\u00e9 \u00e9nerg\u00e9tique. L'objectif \u00e9tait de cr\u00e9er un environnement de travail \u00e0 la fois \u00e9l\u00e9gant, inspirant et fonctionnel, tout en optimisant la consommation \u00e9nerg\u00e9tique et le confort visuel."},{"@type":"BreadcrumbList","@id":"https:\/\/axentsuperieur.com\/realisations\/realisation-institutionnel-et-bureaux\/kamloop\/#breadcrumb","itemListElement":[{"@type":"ListItem","position":1,"name":"Home","item":"https:\/\/axentsuperieur.com\/"},{"@type":"ListItem","position":2,"name":"R\u00e9alisations","item":"https:\/\/axentsuperieur.com\/realisations\/"},{"@type":"ListItem","position":3,"name":"Institutionnel &#038; Espaces Bureaux","item":"https:\/\/axentsuperieur.com\/realisations\/realisation-institutionnel-et-bureaux\/"},{"@type":"ListItem","position":4,"name":"Kamloop"}]},{"@type":"WebSite","@id":"https:\/\/axentsuperieur.com\/#website","url":"https:\/\/axentsuperieur.com\/","name":"Axent Sup\u00e9rieur","description":"Leader en \u00e9clairage LED","publisher":{"@id":"https:\/\/axentsuperieur.com\/#organization"},"potentialAction":[{"@type":"SearchAction","target":{"@type":"EntryPoint","urlTemplate":"https:\/\/axentsuperieur.com\/?s={search_term_string}"},"query-input":{"@type":"PropertyValueSpecification","valueRequired":true,"valueName":"search_term_string"}}],"inLanguage":"en-US"},{"@type":"Organization","@id":"https:\/\/axentsuperieur.com\/#organization","name":"Axent Sup\u00e9rieur","url":"https:\/\/axentsuperieur.com\/","logo":{"@type":"ImageObject","inLanguage":"en-US","@id":"https:\/\/axentsuperieur.com\/#\/schema\/logo\/image\/","url":"https:\/\/axentsuperieur.com\/wp-content\/uploads\/2024\/10\/Axent-Superieur-sans-fond.png","contentUrl":"https:\/\/axentsuperieur.com\/wp-content\/uploads\/2024\/10\/Axent-Superieur-sans-fond.png","width":2500,"height":1101,"caption":"Axent Sup\u00e9rieur"},"image":{"@id":"https:\/\/axentsuperieur.com\/#\/schema\/logo\/image\/"},"sameAs":["https:\/\/www.facebook.com\/axentled\/","https:\/\/www.instagram.com\/axent_superieur\/","https:\/\/www.linkedin.com\/company\/axentled\/"]}]}},"jetpack_sharing_enabled":true,"_links":{"self":[{"href":"https:\/\/axentsuperieur.com\/en\/wp-json\/wp\/v2\/pages\/12471","targetHints":{"allow":["GET"]}}],"collection":[{"href":"https:\/\/axentsuperieur.com\/en\/wp-json\/wp\/v2\/pages"}],"about":[{"href":"https:\/\/axentsuperieur.com\/en\/wp-json\/wp\/v2\/types\/page"}],"author":[{"embeddable":true,"href":"https:\/\/axentsuperieur.com\/en\/wp-json\/wp\/v2\/users\/7"}],"replies":[{"embeddable":true,"href":"https:\/\/axentsuperieur.com\/en\/wp-json\/wp\/v2\/comments?post=12471"}],"version-history":[{"count":9,"href":"https:\/\/axentsuperieur.com\/en\/wp-json\/wp\/v2\/pages\/12471\/revisions"}],"predecessor-version":[{"id":14999,"href":"https:\/\/axentsuperieur.com\/en\/wp-json\/wp\/v2\/pages\/12471\/revisions\/14999"}],"up":[{"embeddable":true,"href":"https:\/\/axentsuperieur.com\/en\/wp-json\/wp\/v2\/pages\/4654"}],"wp:featuredmedia":[{"embeddable":true,"href":"https:\/\/axentsuperieur.com\/en\/wp-json\/wp\/v2\/media\/4745"}],"wp:attachment":[{"href":"https:\/\/axentsuperieur.com\/en\/wp-json\/wp\/v2\/media?parent=12471"}],"curies":[{"name":"wp","href":"https:\/\/api.w.org\/{rel}","templated":true}]}}