{"id":12440,"date":"2024-11-26T10:07:13","date_gmt":"2024-11-26T15:07:13","guid":{"rendered":"https:\/\/rochonentreprise.wpcomstaging.com\/?page_id=3716"},"modified":"2025-03-17T11:44:13","modified_gmt":"2025-03-17T15:44:13","slug":"ernest","status":"publish","type":"page","link":"https:\/\/axentsuperieur.com\/en\/realisations\/commercial\/realisations-magasins-de-details\/ernest\/","title":{"rendered":"Ernest"},"content":{"rendered":"<div data-elementor-type=\"wp-page\" data-elementor-id=\"12440\" class=\"elementor elementor-12440\" data-elementor-post-type=\"page\">\n\t\t\t\t<div class=\"elementor-element elementor-element-7a2858ce e-flex e-con-boxed e-con e-parent\" data-id=\"7a2858ce\" data-element_type=\"container\" data-e-type=\"container\">\n\t\t\t\t\t<div class=\"e-con-inner\">\n\t\t\t\t<div class=\"elementor-element elementor-element-7e8f1cfc elementor-widget elementor-widget-heading\" data-id=\"7e8f1cfc\" data-element_type=\"widget\" data-e-type=\"widget\" data-widget_type=\"heading.default\">\n\t\t\t\t<div class=\"elementor-widget-container\">\n\t\t\t\t\t<h2 class=\"elementor-heading-title elementor-size-default\">ERNEST<\/h2>\t\t\t\t<\/div>\n\t\t\t\t<\/div>\n\t\t\t\t<div class=\"elementor-element elementor-element-2ee69d94 elementor-widget elementor-widget-gallery\" data-id=\"2ee69d94\" data-element_type=\"widget\" data-e-type=\"widget\" data-settings=\"{&quot;aspect_ratio&quot;:&quot;1:1&quot;,&quot;lazyload&quot;:&quot;yes&quot;,&quot;gallery_layout&quot;:&quot;grid&quot;,&quot;columns&quot;:4,&quot;columns_tablet&quot;:2,&quot;columns_mobile&quot;:1,&quot;gap&quot;:{&quot;unit&quot;:&quot;px&quot;,&quot;size&quot;:10,&quot;sizes&quot;:[]},&quot;gap_tablet&quot;:{&quot;unit&quot;:&quot;px&quot;,&quot;size&quot;:10,&quot;sizes&quot;:[]},&quot;gap_mobile&quot;:{&quot;unit&quot;:&quot;px&quot;,&quot;size&quot;:10,&quot;sizes&quot;:[]},&quot;link_to&quot;:&quot;file&quot;,&quot;overlay_background&quot;:&quot;yes&quot;,&quot;content_hover_animation&quot;:&quot;fade-in&quot;}\" data-widget_type=\"gallery.default\">\n\t\t\t\t<div class=\"elementor-widget-container\">\n\t\t\t\t\t\t\t<div class=\"elementor-gallery__container\">\n\t\t\t\t\t\t\t<a class=\"e-gallery-item elementor-gallery-item elementor-animated-content\" href=\"https:\/\/axentsuperieur.com\/wp-content\/uploads\/2024\/11\/AXENT_LED_SUPERIEUR-ERNEST-01-scaled.jpg\" data-elementor-open-lightbox=\"yes\" data-elementor-lightbox-slideshow=\"2ee69d94\" data-e-action-hash=\"#elementor-action%3Aaction%3Dlightbox%26settings%3DeyJpZCI6MzcxOSwidXJsIjoiaHR0cHM6XC9cL2F4ZW50c3VwZXJpZXVyLmNvbVwvd3AtY29udGVudFwvdXBsb2Fkc1wvMjAyNFwvMTFcL0FYRU5UX0xFRF9TVVBFUklFVVItRVJORVNULTAxLXNjYWxlZC5qcGciLCJzbGlkZXNob3ciOiIyZWU2OWQ5NCJ9\">\n\t\t\t\t\t<div class=\"e-gallery-image elementor-gallery-item__image\" data-thumbnail=\"https:\/\/axentsuperieur.com\/wp-content\/uploads\/2024\/11\/AXENT_LED_SUPERIEUR-ERNEST-01-scaled.jpg\" data-width=\"2560\" data-height=\"2094\" aria-label=\"\" role=\"img\" ><\/div>\n\t\t\t\t\t\t\t\t\t\t\t<div class=\"elementor-gallery-item__overlay\"><\/div>\n\t\t\t\t\t\t\t\t\t\t\t\t\t\t<\/a>\n\t\t\t\t\t\t\t<a class=\"e-gallery-item elementor-gallery-item elementor-animated-content\" href=\"https:\/\/axentsuperieur.com\/wp-content\/uploads\/2024\/11\/AXENT_LED_SUPERIEUR-ERNEST-06-scaled.jpg\" data-elementor-open-lightbox=\"yes\" data-elementor-lightbox-slideshow=\"2ee69d94\" data-e-action-hash=\"#elementor-action%3Aaction%3Dlightbox%26settings%3DeyJpZCI6MTI2MjUsInVybCI6Imh0dHBzOlwvXC9heGVudHN1cGVyaWV1ci5jb21cL3dwLWNvbnRlbnRcL3VwbG9hZHNcLzIwMjRcLzExXC9BWEVOVF9MRURfU1VQRVJJRVVSLUVSTkVTVC0wNi1zY2FsZWQuanBnIiwic2xpZGVzaG93IjoiMmVlNjlkOTQifQ%3D%3D\">\n\t\t\t\t\t<div class=\"e-gallery-image elementor-gallery-item__image\" data-thumbnail=\"https:\/\/axentsuperieur.com\/wp-content\/uploads\/2024\/11\/AXENT_LED_SUPERIEUR-ERNEST-06-scaled.jpg\" data-width=\"1440\" data-height=\"2560\" aria-label=\"\" role=\"img\" ><\/div>\n\t\t\t\t\t\t\t\t\t\t\t<div class=\"elementor-gallery-item__overlay\"><\/div>\n\t\t\t\t\t\t\t\t\t\t\t\t\t\t<\/a>\n\t\t\t\t\t\t\t<a class=\"e-gallery-item elementor-gallery-item elementor-animated-content\" href=\"https:\/\/axentsuperieur.com\/wp-content\/uploads\/2024\/11\/AXENT_LED_SUPERIEUR-ERNEST-05-scaled.jpg\" data-elementor-open-lightbox=\"yes\" data-elementor-lightbox-slideshow=\"2ee69d94\" data-e-action-hash=\"#elementor-action%3Aaction%3Dlightbox%26settings%3DeyJpZCI6MzcyMywidXJsIjoiaHR0cHM6XC9cL2F4ZW50c3VwZXJpZXVyLmNvbVwvd3AtY29udGVudFwvdXBsb2Fkc1wvMjAyNFwvMTFcL0FYRU5UX0xFRF9TVVBFUklFVVItRVJORVNULTA1LXNjYWxlZC5qcGciLCJzbGlkZXNob3ciOiIyZWU2OWQ5NCJ9\">\n\t\t\t\t\t<div class=\"e-gallery-image elementor-gallery-item__image\" data-thumbnail=\"https:\/\/axentsuperieur.com\/wp-content\/uploads\/2024\/11\/AXENT_LED_SUPERIEUR-ERNEST-05-scaled.jpg\" data-width=\"1530\" data-height=\"2560\" aria-label=\"\" role=\"img\" ><\/div>\n\t\t\t\t\t\t\t\t\t\t\t<div class=\"elementor-gallery-item__overlay\"><\/div>\n\t\t\t\t\t\t\t\t\t\t\t\t\t\t<\/a>\n\t\t\t\t\t\t\t<a class=\"e-gallery-item elementor-gallery-item elementor-animated-content\" href=\"https:\/\/axentsuperieur.com\/wp-content\/uploads\/2024\/11\/AXENT_LED_SUPERIEUR-ERNEST-04-scaled.jpg\" data-elementor-open-lightbox=\"yes\" data-elementor-lightbox-slideshow=\"2ee69d94\" data-e-action-hash=\"#elementor-action%3Aaction%3Dlightbox%26settings%3DeyJpZCI6MTI2MjQsInVybCI6Imh0dHBzOlwvXC9heGVudHN1cGVyaWV1ci5jb21cL3dwLWNvbnRlbnRcL3VwbG9hZHNcLzIwMjRcLzExXC9BWEVOVF9MRURfU1VQRVJJRVVSLUVSTkVTVC0wNC1zY2FsZWQuanBnIiwic2xpZGVzaG93IjoiMmVlNjlkOTQifQ%3D%3D\">\n\t\t\t\t\t<div class=\"e-gallery-image elementor-gallery-item__image\" data-thumbnail=\"https:\/\/axentsuperieur.com\/wp-content\/uploads\/2024\/11\/AXENT_LED_SUPERIEUR-ERNEST-04-scaled.jpg\" data-width=\"1423\" data-height=\"2560\" aria-label=\"\" role=\"img\" ><\/div>\n\t\t\t\t\t\t\t\t\t\t\t<div class=\"elementor-gallery-item__overlay\"><\/div>\n\t\t\t\t\t\t\t\t\t\t\t\t\t\t<\/a>\n\t\t\t\t\t\t\t<a class=\"e-gallery-item elementor-gallery-item elementor-animated-content\" href=\"https:\/\/axentsuperieur.com\/wp-content\/uploads\/2024\/11\/AXENT_LED_SUPERIEUR-ERNEST-03.jpg\" data-elementor-open-lightbox=\"yes\" data-elementor-lightbox-slideshow=\"2ee69d94\" data-e-action-hash=\"#elementor-action%3Aaction%3Dlightbox%26settings%3DeyJpZCI6MzcyMSwidXJsIjoiaHR0cHM6XC9cL2F4ZW50c3VwZXJpZXVyLmNvbVwvd3AtY29udGVudFwvdXBsb2Fkc1wvMjAyNFwvMTFcL0FYRU5UX0xFRF9TVVBFUklFVVItRVJORVNULTAzLmpwZyIsInNsaWRlc2hvdyI6IjJlZTY5ZDk0In0%3D\">\n\t\t\t\t\t<div class=\"e-gallery-image elementor-gallery-item__image\" data-thumbnail=\"https:\/\/axentsuperieur.com\/wp-content\/uploads\/2024\/11\/AXENT_LED_SUPERIEUR-ERNEST-03.jpg\" data-width=\"2420\" data-height=\"1948\" aria-label=\"\" role=\"img\" ><\/div>\n\t\t\t\t\t\t\t\t\t\t\t<div class=\"elementor-gallery-item__overlay\"><\/div>\n\t\t\t\t\t\t\t\t\t\t\t\t\t\t<\/a>\n\t\t\t\t\t\t\t<a class=\"e-gallery-item elementor-gallery-item elementor-animated-content\" href=\"https:\/\/axentsuperieur.com\/wp-content\/uploads\/2024\/11\/AXENT_LED_SUPERIEUR-ERNEST-02-scaled.jpg\" data-elementor-open-lightbox=\"yes\" data-elementor-lightbox-slideshow=\"2ee69d94\" data-e-action-hash=\"#elementor-action%3Aaction%3Dlightbox%26settings%3DeyJpZCI6MTI2MjMsInVybCI6Imh0dHBzOlwvXC9heGVudHN1cGVyaWV1ci5jb21cL3dwLWNvbnRlbnRcL3VwbG9hZHNcLzIwMjRcLzExXC9BWEVOVF9MRURfU1VQRVJJRVVSLUVSTkVTVC0wMi1zY2FsZWQuanBnIiwic2xpZGVzaG93IjoiMmVlNjlkOTQifQ%3D%3D\">\n\t\t\t\t\t<div class=\"e-gallery-image elementor-gallery-item__image\" data-thumbnail=\"https:\/\/axentsuperieur.com\/wp-content\/uploads\/2024\/11\/AXENT_LED_SUPERIEUR-ERNEST-02-scaled.jpg\" data-width=\"2560\" data-height=\"1976\" aria-label=\"\" role=\"img\" ><\/div>\n\t\t\t\t\t\t\t\t\t\t\t<div class=\"elementor-gallery-item__overlay\"><\/div>\n\t\t\t\t\t\t\t\t\t\t\t\t\t\t<\/a>\n\t\t\t\t\t\t\t<a class=\"e-gallery-item elementor-gallery-item elementor-animated-content\" href=\"https:\/\/axentsuperieur.com\/wp-content\/uploads\/2024\/11\/AXENT_LED_SUPERIEUR-ERNEST-07-scaled.jpg\" data-elementor-open-lightbox=\"yes\" data-elementor-lightbox-slideshow=\"2ee69d94\" data-e-action-hash=\"#elementor-action%3Aaction%3Dlightbox%26settings%3DeyJpZCI6MTM0NDQsInVybCI6Imh0dHBzOlwvXC9heGVudHN1cGVyaWV1ci5jb21cL3dwLWNvbnRlbnRcL3VwbG9hZHNcLzIwMjRcLzExXC9BWEVOVF9MRURfU1VQRVJJRVVSLUVSTkVTVC0wNy1zY2FsZWQuanBnIiwic2xpZGVzaG93IjoiMmVlNjlkOTQifQ%3D%3D\">\n\t\t\t\t\t<div class=\"e-gallery-image elementor-gallery-item__image\" data-thumbnail=\"https:\/\/axentsuperieur.com\/wp-content\/uploads\/2024\/11\/AXENT_LED_SUPERIEUR-ERNEST-07-scaled.jpg\" data-width=\"2560\" data-height=\"1440\" aria-label=\"\" role=\"img\" ><\/div>\n\t\t\t\t\t\t\t\t\t\t\t<div class=\"elementor-gallery-item__overlay\"><\/div>\n\t\t\t\t\t\t\t\t\t\t\t\t\t\t<\/a>\n\t\t\t\t\t\t\t<a class=\"e-gallery-item elementor-gallery-item elementor-animated-content\" href=\"https:\/\/axentsuperieur.com\/wp-content\/uploads\/2024\/11\/AXENT_LED_SUPERIEUR-ERNEST-08-scaled.jpg\" data-elementor-open-lightbox=\"yes\" data-elementor-lightbox-slideshow=\"2ee69d94\" data-e-action-hash=\"#elementor-action%3Aaction%3Dlightbox%26settings%3DeyJpZCI6MTM0NDUsInVybCI6Imh0dHBzOlwvXC9heGVudHN1cGVyaWV1ci5jb21cL3dwLWNvbnRlbnRcL3VwbG9hZHNcLzIwMjRcLzExXC9BWEVOVF9MRURfU1VQRVJJRVVSLUVSTkVTVC0wOC1zY2FsZWQuanBnIiwic2xpZGVzaG93IjoiMmVlNjlkOTQifQ%3D%3D\">\n\t\t\t\t\t<div class=\"e-gallery-image elementor-gallery-item__image\" data-thumbnail=\"https:\/\/axentsuperieur.com\/wp-content\/uploads\/2024\/11\/AXENT_LED_SUPERIEUR-ERNEST-08-scaled.jpg\" data-width=\"1440\" data-height=\"2560\" aria-label=\"\" role=\"img\" ><\/div>\n\t\t\t\t\t\t\t\t\t\t\t<div class=\"elementor-gallery-item__overlay\"><\/div>\n\t\t\t\t\t\t\t\t\t\t\t\t\t\t<\/a>\n\t\t\t\t\t<\/div>\n\t\t\t\t\t<\/div>\n\t\t\t\t<\/div>\n\t\t\t\t\t<\/div>\n\t\t\t\t<\/div>\n\t\t\t\t<\/div>","protected":false},"excerpt":{"rendered":"<p>L\u2019\u00e9clairage LED est la solution parfaite pour une boutique Ernest, sp\u00e9cialis\u00e9e dans la mode masculine, permettant de mettre en valeur les v\u00eatements, accessoires et collections avec une lumi\u00e8re pr\u00e9cise et agr\u00e9able. Les LED cr\u00e9ent une ambiance moderne et dynamique tout en attirant l&rsquo;attention sur les d\u00e9tails des produits, qu&rsquo;il s&rsquo;agisse des tissus, des couleurs ou des accessoires. Leur faible consommation d\u2019\u00e9nergie et leur longue dur\u00e9e de vie en font un choix \u00e9conomique et durable pour \u00e9clairer efficacement les vitrines, les rayons et les cabines d\u2019essayage. D\u00e9couvrez comment l\u2019\u00e9clairage LED peut transformer votre boutique Ernest en un espace lumineux, \u00e9l\u00e9gant et \u00e9co\u00e9nerg\u00e9tique.<\/p>","protected":false},"author":7,"featured_media":3719,"parent":3546,"menu_order":0,"comment_status":"closed","ping_status":"closed","template":"","meta":{"site-sidebar-layout":"no-sidebar","site-content-layout":"page-builder","ast-site-content-layout":"full-width-container","site-content-style":"default","site-sidebar-style":"default","ast-global-header-display":"","ast-banner-title-visibility":"","ast-main-header-display":"","ast-hfb-above-header-display":"","ast-hfb-below-header-display":"","ast-hfb-mobile-header-display":"","site-post-title":"disabled","ast-breadcrumbs-content":"","ast-featured-img":"disabled","footer-sml-layout":"","ast-disable-related-posts":"","theme-transparent-header-meta":"","adv-header-id-meta":"","stick-header-meta":"","header-above-stick-meta":"","header-main-stick-meta":"","header-below-stick-meta":"","astra-migrate-meta-layouts":"default","ast-page-background-enabled":"default","ast-page-background-meta":{"desktop":{"background-color":"var(--ast-global-color-4)","background-image":"","background-repeat":"repeat","background-position":"center center","background-size":"auto","background-attachment":"scroll","background-type":"","background-media":"","overlay-type":"","overlay-color":"","overlay-opacity":"","overlay-gradient":""},"tablet":{"background-color":"","background-image":"","background-repeat":"repeat","background-position":"center center","background-size":"auto","background-attachment":"scroll","background-type":"","background-media":"","overlay-type":"","overlay-color":"","overlay-opacity":"","overlay-gradient":""},"mobile":{"background-color":"","background-image":"","background-repeat":"repeat","background-position":"center center","background-size":"auto","background-attachment":"scroll","background-type":"","background-media":"","overlay-type":"","overlay-color":"","overlay-opacity":"","overlay-gradient":""}},"ast-content-background-meta":{"desktop":{"background-color":"var(--ast-global-color-5)","background-image":"","background-repeat":"repeat","background-position":"center center","background-size":"auto","background-attachment":"scroll","background-type":"","background-media":"","overlay-type":"","overlay-color":"","overlay-opacity":"","overlay-gradient":""},"tablet":{"background-color":"var(--ast-global-color-5)","background-image":"","background-repeat":"repeat","background-position":"center center","background-size":"auto","background-attachment":"scroll","background-type":"","background-media":"","overlay-type":"","overlay-color":"","overlay-opacity":"","overlay-gradient":""},"mobile":{"background-color":"var(--ast-global-color-5)","background-image":"","background-repeat":"repeat","background-position":"center center","background-size":"auto","background-attachment":"scroll","background-type":"","background-media":"","overlay-type":"","overlay-color":"","overlay-opacity":"","overlay-gradient":""}},"footnotes":""},"class_list":["post-12440","page","type-page","status-publish","has-post-thumbnail","hentry"],"yoast_head":"<!-- This site is optimized with the Yoast SEO plugin v27.4 - https:\/\/yoast.com\/product\/yoast-seo-wordpress\/ -->\n<title>\u00c9clairage des Ernest - Axent Sup\u00e9rieur<\/title>\n<meta name=\"robots\" content=\"index, follow, max-snippet:-1, max-image-preview:large, max-video-preview:-1\" \/>\n<link rel=\"canonical\" href=\"https:\/\/axentsuperieur.com\/en\/realisations\/commercial\/realisations-magasins-de-details\/ernest\/\" \/>\n<meta property=\"og:locale\" content=\"en_US\" \/>\n<meta property=\"og:type\" content=\"article\" \/>\n<meta property=\"og:title\" content=\"\u00c9clairage des Ernest - Axent Sup\u00e9rieur\" \/>\n<meta property=\"og:description\" content=\"L\u2019\u00e9clairage LED est la solution parfaite pour une boutique Ernest, sp\u00e9cialis\u00e9e dans la mode masculine, permettant de mettre en valeur les v\u00eatements, accessoires et collections avec une lumi\u00e8re pr\u00e9cise et agr\u00e9able. Les LED cr\u00e9ent une ambiance moderne et dynamique tout en attirant l&#039;attention sur les d\u00e9tails des produits, qu&#039;il s&#039;agisse des tissus, des couleurs ou des accessoires. Leur faible consommation d\u2019\u00e9nergie et leur longue dur\u00e9e de vie en font un choix \u00e9conomique et durable pour \u00e9clairer efficacement les vitrines, les rayons et les cabines d\u2019essayage. D\u00e9couvrez comment l\u2019\u00e9clairage LED peut transformer votre boutique Ernest en un espace lumineux, \u00e9l\u00e9gant et \u00e9co\u00e9nerg\u00e9tique.\" \/>\n<meta property=\"og:url\" content=\"https:\/\/axentsuperieur.com\/en\/realisations\/commercial\/realisations-magasins-de-details\/ernest\/\" \/>\n<meta property=\"og:site_name\" content=\"Axent Sup\u00e9rieur\" \/>\n<meta property=\"article:publisher\" content=\"https:\/\/www.facebook.com\/axentled\/\" \/>\n<meta property=\"article:modified_time\" content=\"2025-03-17T15:44:13+00:00\" \/>\n<meta property=\"og:image\" content=\"https:\/\/axentsuperieur.com\/wp-content\/uploads\/2024\/11\/AXENT_LED_SUPERIEUR-ERNEST-01-scaled.jpg\" \/>\n\t<meta property=\"og:image:width\" content=\"2560\" \/>\n\t<meta property=\"og:image:height\" content=\"2094\" \/>\n\t<meta property=\"og:image:type\" content=\"image\/jpeg\" \/>\n<meta name=\"twitter:card\" content=\"summary_large_image\" \/>\n<meta name=\"twitter:label1\" content=\"Est. reading time\" \/>\n\t<meta name=\"twitter:data1\" content=\"1 minute\" \/>\n<script type=\"application\/ld+json\" class=\"yoast-schema-graph\">{\"@context\":\"https:\\\/\\\/schema.org\",\"@graph\":[{\"@type\":\"WebPage\",\"@id\":\"https:\\\/\\\/axentsuperieur.com\\\/realisations\\\/commercial\\\/realisations-magasins-de-details\\\/ernest\\\/\",\"url\":\"https:\\\/\\\/axentsuperieur.com\\\/realisations\\\/commercial\\\/realisations-magasins-de-details\\\/ernest\\\/\",\"name\":\"\u00c9clairage des Ernest - Axent Sup\u00e9rieur\",\"isPartOf\":{\"@id\":\"https:\\\/\\\/axentsuperieur.com\\\/#website\"},\"primaryImageOfPage\":{\"@id\":\"https:\\\/\\\/axentsuperieur.com\\\/realisations\\\/commercial\\\/realisations-magasins-de-details\\\/ernest\\\/#primaryimage\"},\"image\":{\"@id\":\"https:\\\/\\\/axentsuperieur.com\\\/realisations\\\/commercial\\\/realisations-magasins-de-details\\\/ernest\\\/#primaryimage\"},\"thumbnailUrl\":\"https:\\\/\\\/axentsuperieur.com\\\/wp-content\\\/uploads\\\/2024\\\/11\\\/AXENT_LED_SUPERIEUR-ERNEST-01-scaled.jpg\",\"datePublished\":\"2024-11-26T15:07:13+00:00\",\"dateModified\":\"2025-03-17T15:44:13+00:00\",\"breadcrumb\":{\"@id\":\"https:\\\/\\\/axentsuperieur.com\\\/realisations\\\/commercial\\\/realisations-magasins-de-details\\\/ernest\\\/#breadcrumb\"},\"inLanguage\":\"en-US\",\"potentialAction\":[{\"@type\":\"ReadAction\",\"target\":[\"https:\\\/\\\/axentsuperieur.com\\\/realisations\\\/commercial\\\/realisations-magasins-de-details\\\/ernest\\\/\"]}]},{\"@type\":\"ImageObject\",\"inLanguage\":\"en-US\",\"@id\":\"https:\\\/\\\/axentsuperieur.com\\\/realisations\\\/commercial\\\/realisations-magasins-de-details\\\/ernest\\\/#primaryimage\",\"url\":\"https:\\\/\\\/axentsuperieur.com\\\/wp-content\\\/uploads\\\/2024\\\/11\\\/AXENT_LED_SUPERIEUR-ERNEST-01-scaled.jpg\",\"contentUrl\":\"https:\\\/\\\/axentsuperieur.com\\\/wp-content\\\/uploads\\\/2024\\\/11\\\/AXENT_LED_SUPERIEUR-ERNEST-01-scaled.jpg\",\"width\":2560,\"height\":2094,\"caption\":\"Mettez en lumi\u00e8re vos collections avec un \u00e9clairage LED \u00e9l\u00e9gant et moderne, cr\u00e9ant une ambiance raffin\u00e9e pour votre magasin de mode.\"},{\"@type\":\"BreadcrumbList\",\"@id\":\"https:\\\/\\\/axentsuperieur.com\\\/realisations\\\/commercial\\\/realisations-magasins-de-details\\\/ernest\\\/#breadcrumb\",\"itemListElement\":[{\"@type\":\"ListItem\",\"position\":1,\"name\":\"Home\",\"item\":\"https:\\\/\\\/axentsuperieur.com\\\/\"},{\"@type\":\"ListItem\",\"position\":2,\"name\":\"R\u00e9alisations\",\"item\":\"https:\\\/\\\/axentsuperieur.com\\\/realisations\\\/\"},{\"@type\":\"ListItem\",\"position\":3,\"name\":\"Commercial\",\"item\":\"https:\\\/\\\/axentsuperieur.com\\\/realisations\\\/commercial\\\/\"},{\"@type\":\"ListItem\",\"position\":4,\"name\":\"Magasin de d\u00e9tails\",\"item\":\"https:\\\/\\\/axentsuperieur.com\\\/realisations\\\/commercial\\\/realisations-magasins-de-details\\\/\"},{\"@type\":\"ListItem\",\"position\":5,\"name\":\"Ernest\"}]},{\"@type\":\"WebSite\",\"@id\":\"https:\\\/\\\/axentsuperieur.com\\\/#website\",\"url\":\"https:\\\/\\\/axentsuperieur.com\\\/\",\"name\":\"Axent Sup\u00e9rieur\",\"description\":\"Leader en \u00e9clairage LED\",\"publisher\":{\"@id\":\"https:\\\/\\\/axentsuperieur.com\\\/#organization\"},\"potentialAction\":[{\"@type\":\"SearchAction\",\"target\":{\"@type\":\"EntryPoint\",\"urlTemplate\":\"https:\\\/\\\/axentsuperieur.com\\\/?s={search_term_string}\"},\"query-input\":{\"@type\":\"PropertyValueSpecification\",\"valueRequired\":true,\"valueName\":\"search_term_string\"}}],\"inLanguage\":\"en-US\"},{\"@type\":\"Organization\",\"@id\":\"https:\\\/\\\/axentsuperieur.com\\\/#organization\",\"name\":\"Axent Sup\u00e9rieur\",\"url\":\"https:\\\/\\\/axentsuperieur.com\\\/\",\"logo\":{\"@type\":\"ImageObject\",\"inLanguage\":\"en-US\",\"@id\":\"https:\\\/\\\/axentsuperieur.com\\\/#\\\/schema\\\/logo\\\/image\\\/\",\"url\":\"https:\\\/\\\/axentsuperieur.com\\\/wp-content\\\/uploads\\\/2024\\\/10\\\/Axent-Superieur-sans-fond.png\",\"contentUrl\":\"https:\\\/\\\/axentsuperieur.com\\\/wp-content\\\/uploads\\\/2024\\\/10\\\/Axent-Superieur-sans-fond.png\",\"width\":2500,\"height\":1101,\"caption\":\"Axent Sup\u00e9rieur\"},\"image\":{\"@id\":\"https:\\\/\\\/axentsuperieur.com\\\/#\\\/schema\\\/logo\\\/image\\\/\"},\"sameAs\":[\"https:\\\/\\\/www.facebook.com\\\/axentled\\\/\",\"https:\\\/\\\/www.instagram.com\\\/axent_superieur\\\/\",\"https:\\\/\\\/www.linkedin.com\\\/company\\\/axentled\\\/\"]}]}<\/script>\n<!-- \/ Yoast SEO plugin. -->","yoast_head_json":{"title":"\u00c9clairage des Ernest - Axent Sup\u00e9rieur","robots":{"index":"index","follow":"follow","max-snippet":"max-snippet:-1","max-image-preview":"max-image-preview:large","max-video-preview":"max-video-preview:-1"},"canonical":"https:\/\/axentsuperieur.com\/en\/realisations\/commercial\/realisations-magasins-de-details\/ernest\/","og_locale":"en_US","og_type":"article","og_title":"\u00c9clairage des Ernest - Axent Sup\u00e9rieur","og_description":"L\u2019\u00e9clairage LED est la solution parfaite pour une boutique Ernest, sp\u00e9cialis\u00e9e dans la mode masculine, permettant de mettre en valeur les v\u00eatements, accessoires et collections avec une lumi\u00e8re pr\u00e9cise et agr\u00e9able. Les LED cr\u00e9ent une ambiance moderne et dynamique tout en attirant l'attention sur les d\u00e9tails des produits, qu'il s'agisse des tissus, des couleurs ou des accessoires. Leur faible consommation d\u2019\u00e9nergie et leur longue dur\u00e9e de vie en font un choix \u00e9conomique et durable pour \u00e9clairer efficacement les vitrines, les rayons et les cabines d\u2019essayage. D\u00e9couvrez comment l\u2019\u00e9clairage LED peut transformer votre boutique Ernest en un espace lumineux, \u00e9l\u00e9gant et \u00e9co\u00e9nerg\u00e9tique.","og_url":"https:\/\/axentsuperieur.com\/en\/realisations\/commercial\/realisations-magasins-de-details\/ernest\/","og_site_name":"Axent Sup\u00e9rieur","article_publisher":"https:\/\/www.facebook.com\/axentled\/","article_modified_time":"2025-03-17T15:44:13+00:00","og_image":[{"width":2560,"height":2094,"url":"https:\/\/axentsuperieur.com\/wp-content\/uploads\/2024\/11\/AXENT_LED_SUPERIEUR-ERNEST-01-scaled.jpg","type":"image\/jpeg"}],"twitter_card":"summary_large_image","twitter_misc":{"Est. reading time":"1 minute"},"schema":{"@context":"https:\/\/schema.org","@graph":[{"@type":"WebPage","@id":"https:\/\/axentsuperieur.com\/realisations\/commercial\/realisations-magasins-de-details\/ernest\/","url":"https:\/\/axentsuperieur.com\/realisations\/commercial\/realisations-magasins-de-details\/ernest\/","name":"\u00c9clairage des Ernest - Axent Sup\u00e9rieur","isPartOf":{"@id":"https:\/\/axentsuperieur.com\/#website"},"primaryImageOfPage":{"@id":"https:\/\/axentsuperieur.com\/realisations\/commercial\/realisations-magasins-de-details\/ernest\/#primaryimage"},"image":{"@id":"https:\/\/axentsuperieur.com\/realisations\/commercial\/realisations-magasins-de-details\/ernest\/#primaryimage"},"thumbnailUrl":"https:\/\/axentsuperieur.com\/wp-content\/uploads\/2024\/11\/AXENT_LED_SUPERIEUR-ERNEST-01-scaled.jpg","datePublished":"2024-11-26T15:07:13+00:00","dateModified":"2025-03-17T15:44:13+00:00","breadcrumb":{"@id":"https:\/\/axentsuperieur.com\/realisations\/commercial\/realisations-magasins-de-details\/ernest\/#breadcrumb"},"inLanguage":"en-US","potentialAction":[{"@type":"ReadAction","target":["https:\/\/axentsuperieur.com\/realisations\/commercial\/realisations-magasins-de-details\/ernest\/"]}]},{"@type":"ImageObject","inLanguage":"en-US","@id":"https:\/\/axentsuperieur.com\/realisations\/commercial\/realisations-magasins-de-details\/ernest\/#primaryimage","url":"https:\/\/axentsuperieur.com\/wp-content\/uploads\/2024\/11\/AXENT_LED_SUPERIEUR-ERNEST-01-scaled.jpg","contentUrl":"https:\/\/axentsuperieur.com\/wp-content\/uploads\/2024\/11\/AXENT_LED_SUPERIEUR-ERNEST-01-scaled.jpg","width":2560,"height":2094,"caption":"Mettez en lumi\u00e8re vos collections avec un \u00e9clairage LED \u00e9l\u00e9gant et moderne, cr\u00e9ant une ambiance raffin\u00e9e pour votre magasin de mode."},{"@type":"BreadcrumbList","@id":"https:\/\/axentsuperieur.com\/realisations\/commercial\/realisations-magasins-de-details\/ernest\/#breadcrumb","itemListElement":[{"@type":"ListItem","position":1,"name":"Home","item":"https:\/\/axentsuperieur.com\/"},{"@type":"ListItem","position":2,"name":"R\u00e9alisations","item":"https:\/\/axentsuperieur.com\/realisations\/"},{"@type":"ListItem","position":3,"name":"Commercial","item":"https:\/\/axentsuperieur.com\/realisations\/commercial\/"},{"@type":"ListItem","position":4,"name":"Magasin de d\u00e9tails","item":"https:\/\/axentsuperieur.com\/realisations\/commercial\/realisations-magasins-de-details\/"},{"@type":"ListItem","position":5,"name":"Ernest"}]},{"@type":"WebSite","@id":"https:\/\/axentsuperieur.com\/#website","url":"https:\/\/axentsuperieur.com\/","name":"Axent Sup\u00e9rieur","description":"Leader en \u00e9clairage LED","publisher":{"@id":"https:\/\/axentsuperieur.com\/#organization"},"potentialAction":[{"@type":"SearchAction","target":{"@type":"EntryPoint","urlTemplate":"https:\/\/axentsuperieur.com\/?s={search_term_string}"},"query-input":{"@type":"PropertyValueSpecification","valueRequired":true,"valueName":"search_term_string"}}],"inLanguage":"en-US"},{"@type":"Organization","@id":"https:\/\/axentsuperieur.com\/#organization","name":"Axent Sup\u00e9rieur","url":"https:\/\/axentsuperieur.com\/","logo":{"@type":"ImageObject","inLanguage":"en-US","@id":"https:\/\/axentsuperieur.com\/#\/schema\/logo\/image\/","url":"https:\/\/axentsuperieur.com\/wp-content\/uploads\/2024\/10\/Axent-Superieur-sans-fond.png","contentUrl":"https:\/\/axentsuperieur.com\/wp-content\/uploads\/2024\/10\/Axent-Superieur-sans-fond.png","width":2500,"height":1101,"caption":"Axent Sup\u00e9rieur"},"image":{"@id":"https:\/\/axentsuperieur.com\/#\/schema\/logo\/image\/"},"sameAs":["https:\/\/www.facebook.com\/axentled\/","https:\/\/www.instagram.com\/axent_superieur\/","https:\/\/www.linkedin.com\/company\/axentled\/"]}]}},"jetpack_sharing_enabled":true,"_links":{"self":[{"href":"https:\/\/axentsuperieur.com\/en\/wp-json\/wp\/v2\/pages\/12440","targetHints":{"allow":["GET"]}}],"collection":[{"href":"https:\/\/axentsuperieur.com\/en\/wp-json\/wp\/v2\/pages"}],"about":[{"href":"https:\/\/axentsuperieur.com\/en\/wp-json\/wp\/v2\/types\/page"}],"author":[{"embeddable":true,"href":"https:\/\/axentsuperieur.com\/en\/wp-json\/wp\/v2\/users\/7"}],"replies":[{"embeddable":true,"href":"https:\/\/axentsuperieur.com\/en\/wp-json\/wp\/v2\/comments?post=12440"}],"version-history":[{"count":9,"href":"https:\/\/axentsuperieur.com\/en\/wp-json\/wp\/v2\/pages\/12440\/revisions"}],"predecessor-version":[{"id":15224,"href":"https:\/\/axentsuperieur.com\/en\/wp-json\/wp\/v2\/pages\/12440\/revisions\/15224"}],"up":[{"embeddable":true,"href":"https:\/\/axentsuperieur.com\/en\/wp-json\/wp\/v2\/pages\/3546"}],"wp:featuredmedia":[{"embeddable":true,"href":"https:\/\/axentsuperieur.com\/en\/wp-json\/wp\/v2\/media\/3719"}],"wp:attachment":[{"href":"https:\/\/axentsuperieur.com\/en\/wp-json\/wp\/v2\/media?parent=12440"}],"curies":[{"name":"wp","href":"https:\/\/api.w.org\/{rel}","templated":true}]}}