{"id":12418,"date":"2024-11-22T11:15:45","date_gmt":"2024-11-22T16:15:45","guid":{"rendered":"https:\/\/rochonentreprise.wpcomstaging.com\/?page_id=2990"},"modified":"2026-02-05T16:05:51","modified_gmt":"2026-02-05T21:05:51","slug":"bingo","status":"publish","type":"page","link":"https:\/\/axentsuperieur.com\/en\/realisations\/commercial\/bingo\/","title":{"rendered":"Bingo"},"content":{"rendered":"<div data-elementor-type=\"wp-page\" data-elementor-id=\"12418\" class=\"elementor elementor-12418\" data-elementor-post-type=\"page\">\n\t\t\t\t<div class=\"elementor-element elementor-element-2265ccf5 e-flex e-con-boxed e-con e-parent\" data-id=\"2265ccf5\" data-element_type=\"container\" data-e-type=\"container\">\n\t\t\t\t\t<div class=\"e-con-inner\">\n\t\t\t\t<div class=\"elementor-element elementor-element-1536df10 elementor-widget elementor-widget-spacer\" data-id=\"1536df10\" data-element_type=\"widget\" data-e-type=\"widget\" data-widget_type=\"spacer.default\">\n\t\t\t\t<div class=\"elementor-widget-container\">\n\t\t\t\t\t\t\t<div class=\"elementor-spacer\">\n\t\t\t<div class=\"elementor-spacer-inner\"><\/div>\n\t\t<\/div>\n\t\t\t\t\t\t<\/div>\n\t\t\t\t<\/div>\n\t\t\t\t<div class=\"elementor-element elementor-element-6c217ee6 elementor-widget elementor-widget-heading\" data-id=\"6c217ee6\" data-element_type=\"widget\" data-e-type=\"widget\" data-widget_type=\"heading.default\">\n\t\t\t\t<div class=\"elementor-widget-container\">\n\t\t\t\t\t<h2 class=\"elementor-heading-title elementor-size-default\">BINGO<\/h2>\t\t\t\t<\/div>\n\t\t\t\t<\/div>\n\t\t\t\t\t<\/div>\n\t\t\t\t<\/div>\n\t\t<div class=\"elementor-element elementor-element-78b0ca51 e-con-full e-flex e-con e-parent\" data-id=\"78b0ca51\" data-element_type=\"container\" data-e-type=\"container\">\n\t\t\t\t<div class=\"elementor-element elementor-element-d8464c5 elementor-cta--skin-cover elementor-cta--valign-bottom elementor-widget__width-initial elementor-invisible elementor-widget elementor-widget-call-to-action\" data-id=\"d8464c5\" data-element_type=\"widget\" data-e-type=\"widget\" data-settings=\"{&quot;_animation&quot;:&quot;fadeInUp&quot;,&quot;_animation_delay&quot;:&quot;500&quot;}\" data-widget_type=\"call-to-action.default\">\n\t\t\t\t<div class=\"elementor-widget-container\">\n\t\t\t\t\t\t\t<a class=\"elementor-cta\" href=\"https:\/\/axentsuperieur.com\/en\/realisations\/commercial\/bingo\/kinzo-st-eustache\/\">\n\t\t\t\t\t<div class=\"elementor-cta__bg-wrapper\">\n\t\t\t\t<div class=\"elementor-cta__bg elementor-bg\" style=\"background-image: url(https:\/\/axentsuperieur.com\/wp-content\/uploads\/2024\/11\/AXENT_LED_SUPERIEUR-KINZO-01-rotated-1-scaled.jpg);\" role=\"img\" aria-label=\"Illuminez votre salle de bingo avec un \u00e9clairage LED dynamique et accueillant pour une exp\u00e9rience de jeu inoubliable\"><\/div>\n\t\t\t\t<div class=\"elementor-cta__bg-overlay\"><\/div>\n\t\t\t<\/div>\n\t\t\t\t\t\t\t<div class=\"elementor-cta__content\">\n\t\t\t\t\n\t\t\t\t\t\t\t\t\t<span class=\"elementor-cta__title elementor-cta__content-item elementor-content-item\">\n\t\t\t\t\t\tkINZO\t\t\t\t\t<\/span>\n\t\t\t\t\n\t\t\t\t\t\t\t\t\t<div class=\"elementor-cta__description elementor-cta__content-item elementor-content-item\">\n\t\t\t\t\t\tSaint-Eustache, QC\t\t\t\t\t<\/div>\n\t\t\t\t\n\t\t\t\t\t\t\t<\/div>\n\t\t\t\t\t\t<\/a>\n\t\t\t\t\t\t<\/div>\n\t\t\t\t<\/div>\n\t\t\t\t<\/div>\n\t\t\t\t<\/div>","protected":false},"excerpt":{"rendered":"<p>L\u2019\u00e9clairage LED est la solution id\u00e9ale pour une salle de bingo, combinant efficacit\u00e9, performance et ambiance captivante. Gr\u00e2ce \u00e0 sa flexibilit\u00e9, l\u2019\u00e9clairage LED permet de personnaliser l\u2019atmosph\u00e8re, en illuminant les zones de jeu, les tables et les espaces communs tout en r\u00e9duisant la consommation d\u2019\u00e9nergie. De plus, les LED offrent une lumi\u00e8re vive et homog\u00e8ne, id\u00e9ale pour garantir une visibilit\u00e9 parfaite lors des parties. D\u00e9couvrez comment l\u2019\u00e9clairage LED peut transformer votre salle de bingo en un lieu moderne et accueillant, tout en am\u00e9liorant l\u2019exp\u00e9rience des joueurs.<\/p>","protected":false},"author":7,"featured_media":12522,"parent":12401,"menu_order":0,"comment_status":"closed","ping_status":"closed","template":"","meta":{"site-sidebar-layout":"no-sidebar","site-content-layout":"page-builder","ast-site-content-layout":"full-width-container","site-content-style":"default","site-sidebar-style":"default","ast-global-header-display":"","ast-banner-title-visibility":"","ast-main-header-display":"","ast-hfb-above-header-display":"","ast-hfb-below-header-display":"","ast-hfb-mobile-header-display":"","site-post-title":"disabled","ast-breadcrumbs-content":"","ast-featured-img":"disabled","footer-sml-layout":"","ast-disable-related-posts":"","theme-transparent-header-meta":"","adv-header-id-meta":"","stick-header-meta":"","header-above-stick-meta":"","header-main-stick-meta":"","header-below-stick-meta":"","astra-migrate-meta-layouts":"default","ast-page-background-enabled":"default","ast-page-background-meta":{"desktop":{"background-color":"var(--ast-global-color-4)","background-image":"","background-repeat":"repeat","background-position":"center center","background-size":"auto","background-attachment":"scroll","background-type":"","background-media":"","overlay-type":"","overlay-color":"","overlay-opacity":"","overlay-gradient":""},"tablet":{"background-color":"","background-image":"","background-repeat":"repeat","background-position":"center center","background-size":"auto","background-attachment":"scroll","background-type":"","background-media":"","overlay-type":"","overlay-color":"","overlay-opacity":"","overlay-gradient":""},"mobile":{"background-color":"","background-image":"","background-repeat":"repeat","background-position":"center center","background-size":"auto","background-attachment":"scroll","background-type":"","background-media":"","overlay-type":"","overlay-color":"","overlay-opacity":"","overlay-gradient":""}},"ast-content-background-meta":{"desktop":{"background-color":"var(--ast-global-color-5)","background-image":"","background-repeat":"repeat","background-position":"center center","background-size":"auto","background-attachment":"scroll","background-type":"","background-media":"","overlay-type":"","overlay-color":"","overlay-opacity":"","overlay-gradient":""},"tablet":{"background-color":"var(--ast-global-color-5)","background-image":"","background-repeat":"repeat","background-position":"center center","background-size":"auto","background-attachment":"scroll","background-type":"","background-media":"","overlay-type":"","overlay-color":"","overlay-opacity":"","overlay-gradient":""},"mobile":{"background-color":"var(--ast-global-color-5)","background-image":"","background-repeat":"repeat","background-position":"center center","background-size":"auto","background-attachment":"scroll","background-type":"","background-media":"","overlay-type":"","overlay-color":"","overlay-opacity":"","overlay-gradient":""}},"footnotes":""},"class_list":["post-12418","page","type-page","status-publish","has-post-thumbnail","hentry"],"yoast_head":"<!-- This site is optimized with the Yoast SEO plugin v27.5 - https:\/\/yoast.com\/product\/yoast-seo-wordpress\/ -->\n<title>\u00c9clairage de Salles de Bingo - Axent Sup\u00e9rieur<\/title>\n<meta name=\"robots\" content=\"index, follow, max-snippet:-1, max-image-preview:large, max-video-preview:-1\" \/>\n<link rel=\"canonical\" href=\"https:\/\/axentsuperieur.com\/en\/realisations\/commercial\/bingo\/\" \/>\n<meta property=\"og:locale\" content=\"en_US\" \/>\n<meta property=\"og:type\" content=\"article\" \/>\n<meta property=\"og:title\" content=\"\u00c9clairage de Salles de Bingo - Axent Sup\u00e9rieur\" \/>\n<meta property=\"og:description\" content=\"L\u2019\u00e9clairage LED est la solution id\u00e9ale pour une salle de bingo, combinant efficacit\u00e9, performance et ambiance captivante. Gr\u00e2ce \u00e0 sa flexibilit\u00e9, l\u2019\u00e9clairage LED permet de personnaliser l\u2019atmosph\u00e8re, en illuminant les zones de jeu, les tables et les espaces communs tout en r\u00e9duisant la consommation d\u2019\u00e9nergie. De plus, les LED offrent une lumi\u00e8re vive et homog\u00e8ne, id\u00e9ale pour garantir une visibilit\u00e9 parfaite lors des parties. D\u00e9couvrez comment l\u2019\u00e9clairage LED peut transformer votre salle de bingo en un lieu moderne et accueillant, tout en am\u00e9liorant l\u2019exp\u00e9rience des joueurs.\" \/>\n<meta property=\"og:url\" content=\"https:\/\/axentsuperieur.com\/en\/realisations\/commercial\/bingo\/\" \/>\n<meta property=\"og:site_name\" content=\"Axent Sup\u00e9rieur\" \/>\n<meta property=\"article:publisher\" content=\"https:\/\/www.facebook.com\/axentled\/\" \/>\n<meta property=\"article:modified_time\" content=\"2026-02-05T21:05:51+00:00\" \/>\n<meta property=\"og:image\" content=\"https:\/\/axentsuperieur.com\/wp-content\/uploads\/2024\/11\/AXENT_LED_SUPERIEUR-KINZO-01-rotated-1-scaled.jpg\" \/>\n\t<meta property=\"og:image:width\" content=\"2560\" \/>\n\t<meta property=\"og:image:height\" content=\"1211\" \/>\n\t<meta property=\"og:image:type\" content=\"image\/jpeg\" \/>\n<meta name=\"twitter:card\" content=\"summary_large_image\" \/>\n<meta name=\"twitter:label1\" content=\"Est. reading time\" \/>\n\t<meta name=\"twitter:data1\" content=\"1 minute\" \/>\n<script type=\"application\/ld+json\" class=\"yoast-schema-graph\">{\"@context\":\"https:\\\/\\\/schema.org\",\"@graph\":[{\"@type\":\"WebPage\",\"@id\":\"https:\\\/\\\/axentsuperieur.com\\\/realisations\\\/commercial\\\/bingo\\\/\",\"url\":\"https:\\\/\\\/axentsuperieur.com\\\/realisations\\\/commercial\\\/bingo\\\/\",\"name\":\"\u00c9clairage de Salles de Bingo - Axent Sup\u00e9rieur\",\"isPartOf\":{\"@id\":\"https:\\\/\\\/axentsuperieur.com\\\/#website\"},\"primaryImageOfPage\":{\"@id\":\"https:\\\/\\\/axentsuperieur.com\\\/realisations\\\/commercial\\\/bingo\\\/#primaryimage\"},\"image\":{\"@id\":\"https:\\\/\\\/axentsuperieur.com\\\/realisations\\\/commercial\\\/bingo\\\/#primaryimage\"},\"thumbnailUrl\":\"https:\\\/\\\/axentsuperieur.com\\\/wp-content\\\/uploads\\\/2024\\\/11\\\/AXENT_LED_SUPERIEUR-KINZO-01-rotated-1-scaled.jpg\",\"datePublished\":\"2024-11-22T16:15:45+00:00\",\"dateModified\":\"2026-02-05T21:05:51+00:00\",\"breadcrumb\":{\"@id\":\"https:\\\/\\\/axentsuperieur.com\\\/realisations\\\/commercial\\\/bingo\\\/#breadcrumb\"},\"inLanguage\":\"en-US\",\"potentialAction\":[{\"@type\":\"ReadAction\",\"target\":[\"https:\\\/\\\/axentsuperieur.com\\\/realisations\\\/commercial\\\/bingo\\\/\"]}]},{\"@type\":\"ImageObject\",\"inLanguage\":\"en-US\",\"@id\":\"https:\\\/\\\/axentsuperieur.com\\\/realisations\\\/commercial\\\/bingo\\\/#primaryimage\",\"url\":\"https:\\\/\\\/axentsuperieur.com\\\/wp-content\\\/uploads\\\/2024\\\/11\\\/AXENT_LED_SUPERIEUR-KINZO-01-rotated-1-scaled.jpg\",\"contentUrl\":\"https:\\\/\\\/axentsuperieur.com\\\/wp-content\\\/uploads\\\/2024\\\/11\\\/AXENT_LED_SUPERIEUR-KINZO-01-rotated-1-scaled.jpg\",\"width\":2560,\"height\":1211,\"caption\":\"Illuminez votre salle de bingo avec un \u00e9clairage LED dynamique et accueillant pour une exp\u00e9rience de jeu inoubliable\"},{\"@type\":\"BreadcrumbList\",\"@id\":\"https:\\\/\\\/axentsuperieur.com\\\/realisations\\\/commercial\\\/bingo\\\/#breadcrumb\",\"itemListElement\":[{\"@type\":\"ListItem\",\"position\":1,\"name\":\"Home\",\"item\":\"https:\\\/\\\/axentsuperieur.com\\\/\"},{\"@type\":\"ListItem\",\"position\":2,\"name\":\"R\u00e9alisations\",\"item\":\"https:\\\/\\\/axentsuperieur.com\\\/realisations\\\/\"},{\"@type\":\"ListItem\",\"position\":3,\"name\":\"Commercial\",\"item\":\"https:\\\/\\\/axentsuperieur.com\\\/realisations\\\/commercial\\\/\"},{\"@type\":\"ListItem\",\"position\":4,\"name\":\"Bingo\"}]},{\"@type\":\"WebSite\",\"@id\":\"https:\\\/\\\/axentsuperieur.com\\\/#website\",\"url\":\"https:\\\/\\\/axentsuperieur.com\\\/\",\"name\":\"Axent Sup\u00e9rieur\",\"description\":\"Leader en \u00e9clairage LED\",\"publisher\":{\"@id\":\"https:\\\/\\\/axentsuperieur.com\\\/#organization\"},\"potentialAction\":[{\"@type\":\"SearchAction\",\"target\":{\"@type\":\"EntryPoint\",\"urlTemplate\":\"https:\\\/\\\/axentsuperieur.com\\\/?s={search_term_string}\"},\"query-input\":{\"@type\":\"PropertyValueSpecification\",\"valueRequired\":true,\"valueName\":\"search_term_string\"}}],\"inLanguage\":\"en-US\"},{\"@type\":\"Organization\",\"@id\":\"https:\\\/\\\/axentsuperieur.com\\\/#organization\",\"name\":\"Axent Sup\u00e9rieur\",\"url\":\"https:\\\/\\\/axentsuperieur.com\\\/\",\"logo\":{\"@type\":\"ImageObject\",\"inLanguage\":\"en-US\",\"@id\":\"https:\\\/\\\/axentsuperieur.com\\\/#\\\/schema\\\/logo\\\/image\\\/\",\"url\":\"https:\\\/\\\/axentsuperieur.com\\\/wp-content\\\/uploads\\\/2024\\\/10\\\/Axent-Superieur-sans-fond.png\",\"contentUrl\":\"https:\\\/\\\/axentsuperieur.com\\\/wp-content\\\/uploads\\\/2024\\\/10\\\/Axent-Superieur-sans-fond.png\",\"width\":2500,\"height\":1101,\"caption\":\"Axent Sup\u00e9rieur\"},\"image\":{\"@id\":\"https:\\\/\\\/axentsuperieur.com\\\/#\\\/schema\\\/logo\\\/image\\\/\"},\"sameAs\":[\"https:\\\/\\\/www.facebook.com\\\/axentled\\\/\",\"https:\\\/\\\/www.instagram.com\\\/axent_superieur\\\/\",\"https:\\\/\\\/www.linkedin.com\\\/company\\\/axentled\\\/\"]}]}<\/script>\n<!-- \/ Yoast SEO plugin. -->","yoast_head_json":{"title":"\u00c9clairage de Salles de Bingo - Axent Sup\u00e9rieur","robots":{"index":"index","follow":"follow","max-snippet":"max-snippet:-1","max-image-preview":"max-image-preview:large","max-video-preview":"max-video-preview:-1"},"canonical":"https:\/\/axentsuperieur.com\/en\/realisations\/commercial\/bingo\/","og_locale":"en_US","og_type":"article","og_title":"\u00c9clairage de Salles de Bingo - Axent Sup\u00e9rieur","og_description":"L\u2019\u00e9clairage LED est la solution id\u00e9ale pour une salle de bingo, combinant efficacit\u00e9, performance et ambiance captivante. Gr\u00e2ce \u00e0 sa flexibilit\u00e9, l\u2019\u00e9clairage LED permet de personnaliser l\u2019atmosph\u00e8re, en illuminant les zones de jeu, les tables et les espaces communs tout en r\u00e9duisant la consommation d\u2019\u00e9nergie. De plus, les LED offrent une lumi\u00e8re vive et homog\u00e8ne, id\u00e9ale pour garantir une visibilit\u00e9 parfaite lors des parties. D\u00e9couvrez comment l\u2019\u00e9clairage LED peut transformer votre salle de bingo en un lieu moderne et accueillant, tout en am\u00e9liorant l\u2019exp\u00e9rience des joueurs.","og_url":"https:\/\/axentsuperieur.com\/en\/realisations\/commercial\/bingo\/","og_site_name":"Axent Sup\u00e9rieur","article_publisher":"https:\/\/www.facebook.com\/axentled\/","article_modified_time":"2026-02-05T21:05:51+00:00","og_image":[{"width":2560,"height":1211,"url":"https:\/\/axentsuperieur.com\/wp-content\/uploads\/2024\/11\/AXENT_LED_SUPERIEUR-KINZO-01-rotated-1-scaled.jpg","type":"image\/jpeg"}],"twitter_card":"summary_large_image","twitter_misc":{"Est. reading time":"1 minute"},"schema":{"@context":"https:\/\/schema.org","@graph":[{"@type":"WebPage","@id":"https:\/\/axentsuperieur.com\/realisations\/commercial\/bingo\/","url":"https:\/\/axentsuperieur.com\/realisations\/commercial\/bingo\/","name":"\u00c9clairage de Salles de Bingo - Axent Sup\u00e9rieur","isPartOf":{"@id":"https:\/\/axentsuperieur.com\/#website"},"primaryImageOfPage":{"@id":"https:\/\/axentsuperieur.com\/realisations\/commercial\/bingo\/#primaryimage"},"image":{"@id":"https:\/\/axentsuperieur.com\/realisations\/commercial\/bingo\/#primaryimage"},"thumbnailUrl":"https:\/\/axentsuperieur.com\/wp-content\/uploads\/2024\/11\/AXENT_LED_SUPERIEUR-KINZO-01-rotated-1-scaled.jpg","datePublished":"2024-11-22T16:15:45+00:00","dateModified":"2026-02-05T21:05:51+00:00","breadcrumb":{"@id":"https:\/\/axentsuperieur.com\/realisations\/commercial\/bingo\/#breadcrumb"},"inLanguage":"en-US","potentialAction":[{"@type":"ReadAction","target":["https:\/\/axentsuperieur.com\/realisations\/commercial\/bingo\/"]}]},{"@type":"ImageObject","inLanguage":"en-US","@id":"https:\/\/axentsuperieur.com\/realisations\/commercial\/bingo\/#primaryimage","url":"https:\/\/axentsuperieur.com\/wp-content\/uploads\/2024\/11\/AXENT_LED_SUPERIEUR-KINZO-01-rotated-1-scaled.jpg","contentUrl":"https:\/\/axentsuperieur.com\/wp-content\/uploads\/2024\/11\/AXENT_LED_SUPERIEUR-KINZO-01-rotated-1-scaled.jpg","width":2560,"height":1211,"caption":"Illuminez votre salle de bingo avec un \u00e9clairage LED dynamique et accueillant pour une exp\u00e9rience de jeu inoubliable"},{"@type":"BreadcrumbList","@id":"https:\/\/axentsuperieur.com\/realisations\/commercial\/bingo\/#breadcrumb","itemListElement":[{"@type":"ListItem","position":1,"name":"Home","item":"https:\/\/axentsuperieur.com\/"},{"@type":"ListItem","position":2,"name":"R\u00e9alisations","item":"https:\/\/axentsuperieur.com\/realisations\/"},{"@type":"ListItem","position":3,"name":"Commercial","item":"https:\/\/axentsuperieur.com\/realisations\/commercial\/"},{"@type":"ListItem","position":4,"name":"Bingo"}]},{"@type":"WebSite","@id":"https:\/\/axentsuperieur.com\/#website","url":"https:\/\/axentsuperieur.com\/","name":"Axent Sup\u00e9rieur","description":"Leader en \u00e9clairage LED","publisher":{"@id":"https:\/\/axentsuperieur.com\/#organization"},"potentialAction":[{"@type":"SearchAction","target":{"@type":"EntryPoint","urlTemplate":"https:\/\/axentsuperieur.com\/?s={search_term_string}"},"query-input":{"@type":"PropertyValueSpecification","valueRequired":true,"valueName":"search_term_string"}}],"inLanguage":"en-US"},{"@type":"Organization","@id":"https:\/\/axentsuperieur.com\/#organization","name":"Axent Sup\u00e9rieur","url":"https:\/\/axentsuperieur.com\/","logo":{"@type":"ImageObject","inLanguage":"en-US","@id":"https:\/\/axentsuperieur.com\/#\/schema\/logo\/image\/","url":"https:\/\/axentsuperieur.com\/wp-content\/uploads\/2024\/10\/Axent-Superieur-sans-fond.png","contentUrl":"https:\/\/axentsuperieur.com\/wp-content\/uploads\/2024\/10\/Axent-Superieur-sans-fond.png","width":2500,"height":1101,"caption":"Axent Sup\u00e9rieur"},"image":{"@id":"https:\/\/axentsuperieur.com\/#\/schema\/logo\/image\/"},"sameAs":["https:\/\/www.facebook.com\/axentled\/","https:\/\/www.instagram.com\/axent_superieur\/","https:\/\/www.linkedin.com\/company\/axentled\/"]}]}},"jetpack_sharing_enabled":true,"_links":{"self":[{"href":"https:\/\/axentsuperieur.com\/en\/wp-json\/wp\/v2\/pages\/12418","targetHints":{"allow":["GET"]}}],"collection":[{"href":"https:\/\/axentsuperieur.com\/en\/wp-json\/wp\/v2\/pages"}],"about":[{"href":"https:\/\/axentsuperieur.com\/en\/wp-json\/wp\/v2\/types\/page"}],"author":[{"embeddable":true,"href":"https:\/\/axentsuperieur.com\/en\/wp-json\/wp\/v2\/users\/7"}],"replies":[{"embeddable":true,"href":"https:\/\/axentsuperieur.com\/en\/wp-json\/wp\/v2\/comments?post=12418"}],"version-history":[{"count":13,"href":"https:\/\/axentsuperieur.com\/en\/wp-json\/wp\/v2\/pages\/12418\/revisions"}],"predecessor-version":[{"id":15934,"href":"https:\/\/axentsuperieur.com\/en\/wp-json\/wp\/v2\/pages\/12418\/revisions\/15934"}],"up":[{"embeddable":true,"href":"https:\/\/axentsuperieur.com\/en\/wp-json\/wp\/v2\/pages\/12401"}],"wp:featuredmedia":[{"embeddable":true,"href":"https:\/\/axentsuperieur.com\/en\/wp-json\/wp\/v2\/media\/12522"}],"wp:attachment":[{"href":"https:\/\/axentsuperieur.com\/en\/wp-json\/wp\/v2\/media?parent=12418"}],"curies":[{"name":"wp","href":"https:\/\/api.w.org\/{rel}","templated":true}]}}