{"id":12409,"date":"2024-11-19T18:58:59","date_gmt":"2024-11-19T23:58:59","guid":{"rendered":"https:\/\/rochonentreprise.wpcomstaging.com\/?page_id=2499"},"modified":"2025-03-17T11:18:22","modified_gmt":"2025-03-17T15:18:22","slug":"centres-funeraires-et-crematorium","status":"publish","type":"page","link":"https:\/\/axentsuperieur.com\/en\/realisations\/commercial\/centres-funeraires-et-crematorium\/","title":{"rendered":"Centre Fun\u00e9raires"},"content":{"rendered":"<div data-elementor-type=\"wp-page\" data-elementor-id=\"12409\" class=\"elementor elementor-12409\" data-elementor-post-type=\"page\">\n\t\t\t\t<div class=\"elementor-element elementor-element-412ea628 e-flex e-con-boxed e-con e-parent\" data-id=\"412ea628\" data-element_type=\"container\" data-e-type=\"container\">\n\t\t\t\t\t<div class=\"e-con-inner\">\n\t\t\t\t<div class=\"elementor-element elementor-element-16c6894a elementor-widget elementor-widget-spacer\" data-id=\"16c6894a\" data-element_type=\"widget\" data-e-type=\"widget\" data-widget_type=\"spacer.default\">\n\t\t\t\t<div class=\"elementor-widget-container\">\n\t\t\t\t\t\t\t<div class=\"elementor-spacer\">\n\t\t\t<div class=\"elementor-spacer-inner\"><\/div>\n\t\t<\/div>\n\t\t\t\t\t\t<\/div>\n\t\t\t\t<\/div>\n\t\t\t\t<div class=\"elementor-element elementor-element-97e93a2 elementor-widget elementor-widget-heading\" data-id=\"97e93a2\" data-element_type=\"widget\" data-e-type=\"widget\" data-widget_type=\"heading.default\">\n\t\t\t\t<div class=\"elementor-widget-container\">\n\t\t\t\t\t<h2 class=\"elementor-heading-title elementor-size-default\">FUNERAL CENTER<\/h2>\t\t\t\t<\/div>\n\t\t\t\t<\/div>\n\t\t\t\t\t<\/div>\n\t\t\t\t<\/div>\n\t\t<div class=\"elementor-element elementor-element-72c42c76 e-con-full e-flex e-con e-parent\" data-id=\"72c42c76\" data-element_type=\"container\" data-e-type=\"container\">\n\t\t\t\t<div class=\"elementor-element elementor-element-7b7d2adb elementor-cta--skin-cover elementor-cta--valign-bottom elementor-widget__width-initial elementor-invisible elementor-widget elementor-widget-call-to-action\" data-id=\"7b7d2adb\" data-element_type=\"widget\" data-e-type=\"widget\" data-settings=\"{&quot;_animation&quot;:&quot;fadeInUp&quot;,&quot;_animation_delay&quot;:&quot;400&quot;}\" data-widget_type=\"call-to-action.default\">\n\t\t\t\t<div class=\"elementor-widget-container\">\n\t\t\t\t\t\t\t<a class=\"elementor-cta\" href=\"https:\/\/axentsuperieur.com\/en\/crematorium-de-montreal\/\">\n\t\t\t\t\t<div class=\"elementor-cta__bg-wrapper\">\n\t\t\t\t<div class=\"elementor-cta__bg elementor-bg\" style=\"background-image: url(https:\/\/axentsuperieur.com\/wp-content\/uploads\/2024\/11\/AXENT_LED_SUPERIEUR-CREMATORIUMMTL-01-scaled.jpg);\" role=\"img\" aria-label=\"Apportez s\u00e9r\u00e9nit\u00e9 et respect dans l&#039;environnement d&#039;un cr\u00e9matorium avec un \u00e9clairage LED doux et subtil, cr\u00e9ant une atmosph\u00e8re calme et apaisante\"><\/div>\n\t\t\t\t<div class=\"elementor-cta__bg-overlay\"><\/div>\n\t\t\t<\/div>\n\t\t\t\t\t\t\t<div class=\"elementor-cta__content\">\n\t\t\t\t\n\t\t\t\t\t\t\t\t\t<span class=\"elementor-cta__title elementor-cta__content-item elementor-content-item\">\n\t\t\t\t\t\tCr\u00e9matorium de Montr\u00e9al\t\t\t\t\t<\/span>\n\t\t\t\t\n\t\t\t\t\n\t\t\t\t\t\t\t<\/div>\n\t\t\t\t\t\t<\/a>\n\t\t\t\t\t\t<\/div>\n\t\t\t\t<\/div>\n\t\t\t\t<div class=\"elementor-element elementor-element-653e18fb elementor-cta--skin-cover elementor-cta--valign-bottom elementor-widget__width-initial elementor-invisible elementor-widget elementor-widget-call-to-action\" data-id=\"653e18fb\" data-element_type=\"widget\" data-e-type=\"widget\" data-settings=\"{&quot;_animation&quot;:&quot;fadeInUp&quot;}\" data-widget_type=\"call-to-action.default\">\n\t\t\t\t<div class=\"elementor-widget-container\">\n\t\t\t\t\t\t\t<a class=\"elementor-cta\" href=\"https:\/\/axentsuperieur.com\/en\/centre-funeraires-guay\/\">\n\t\t\t\t\t<div class=\"elementor-cta__bg-wrapper\">\n\t\t\t\t<div class=\"elementor-cta__bg elementor-bg\" style=\"background-image: url(https:\/\/axentsuperieur.com\/wp-content\/uploads\/2024\/11\/AXENT_LED_SUPERIEUR-FUNERAIRESGUAY-01.jpg);\" role=\"img\" aria-label=\"Offrez un \u00e9clairage LED doux et respectueux dans votre centre fun\u00e9raire, cr\u00e9ant une atmosph\u00e8re apaisante et digne pour les familles en deuil.\"><\/div>\n\t\t\t\t<div class=\"elementor-cta__bg-overlay\"><\/div>\n\t\t\t<\/div>\n\t\t\t\t\t\t\t<div class=\"elementor-cta__content\">\n\t\t\t\t\n\t\t\t\t\t\t\t\t\t<span class=\"elementor-cta__title elementor-cta__content-item elementor-content-item\">\n\t\t\t\t\t\tCentre Fun\u00e9raires Guay\t\t\t\t\t<\/span>\n\t\t\t\t\n\t\t\t\t\n\t\t\t\t\t\t\t<\/div>\n\t\t\t\t\t\t<\/a>\n\t\t\t\t\t\t<\/div>\n\t\t\t\t<\/div>\n\t\t\t\t<div class=\"elementor-element elementor-element-2c28e63 elementor-cta--skin-cover elementor-cta--valign-bottom elementor-widget__width-initial elementor-invisible elementor-widget elementor-widget-call-to-action\" data-id=\"2c28e63\" data-element_type=\"widget\" data-e-type=\"widget\" data-settings=\"{&quot;_animation&quot;:&quot;fadeInUp&quot;}\" data-widget_type=\"call-to-action.default\">\n\t\t\t\t<div class=\"elementor-widget-container\">\n\t\t\t\t\t\t\t<a class=\"elementor-cta\" href=\"https:\/\/axentsuperieur.com\/en\/centre-funeraires-granby\/\">\n\t\t\t\t\t<div class=\"elementor-cta__bg-wrapper\">\n\t\t\t\t<div class=\"elementor-cta__bg elementor-bg\" style=\"background-image: url(https:\/\/axentsuperieur.com\/wp-content\/uploads\/2025\/01\/AXENT_LED_SUPERIEUR-FUNERAIRESGRANBY-01-scaled.jpg);\" role=\"img\" aria-label=\"Offrez un \u00e9clairage LED doux et respectueux dans votre centre fun\u00e9raire, cr\u00e9ant une atmosph\u00e8re apaisante et digne pour les familles en deuil.\"><\/div>\n\t\t\t\t<div class=\"elementor-cta__bg-overlay\"><\/div>\n\t\t\t<\/div>\n\t\t\t\t\t\t\t<div class=\"elementor-cta__content\">\n\t\t\t\t\n\t\t\t\t\t\t\t\t\t<span class=\"elementor-cta__title elementor-cta__content-item elementor-content-item\">\n\t\t\t\t\t\tCentre Fun\u00e9raires Granby\t\t\t\t\t<\/span>\n\t\t\t\t\n\t\t\t\t\n\t\t\t\t\t\t\t<\/div>\n\t\t\t\t\t\t<\/a>\n\t\t\t\t\t\t<\/div>\n\t\t\t\t<\/div>\n\t\t\t\t<\/div>\n\t\t\t\t<\/div>","protected":false},"excerpt":{"rendered":"<p>L\u2019\u00e9clairage LED est une solution parfaite pour un centre fun\u00e9raire, offrant une lumi\u00e8re douce et apaisante qui contribue \u00e0 cr\u00e9er un environnement respectueux et serein. Les LED permettent de diffuser une lumi\u00e8re chaleureuse et homog\u00e8ne, id\u00e9ale pour les espaces de recueillement, les salons et les chambres fun\u00e9raires. Leur efficacit\u00e9 \u00e9nerg\u00e9tique et leur longue dur\u00e9e de vie sont \u00e9galement des atouts majeurs pour les centres fun\u00e9raires, qui n\u00e9cessitent un \u00e9clairage fiable et discret. D\u00e9couvrez comment l\u2019\u00e9clairage LED peut transformer votre centre en un lieu de m\u00e9moire, de tranquillit\u00e9 et de dignit\u00e9.<\/p>","protected":false},"author":7,"featured_media":3160,"parent":12401,"menu_order":0,"comment_status":"closed","ping_status":"closed","template":"","meta":{"site-sidebar-layout":"no-sidebar","site-content-layout":"page-builder","ast-site-content-layout":"full-width-container","site-content-style":"default","site-sidebar-style":"default","ast-global-header-display":"","ast-banner-title-visibility":"","ast-main-header-display":"","ast-hfb-above-header-display":"","ast-hfb-below-header-display":"","ast-hfb-mobile-header-display":"","site-post-title":"disabled","ast-breadcrumbs-content":"","ast-featured-img":"disabled","footer-sml-layout":"","ast-disable-related-posts":"","theme-transparent-header-meta":"","adv-header-id-meta":"","stick-header-meta":"","header-above-stick-meta":"","header-main-stick-meta":"","header-below-stick-meta":"","astra-migrate-meta-layouts":"default","ast-page-background-enabled":"default","ast-page-background-meta":{"desktop":{"background-color":"var(--ast-global-color-4)","background-image":"","background-repeat":"repeat","background-position":"center center","background-size":"auto","background-attachment":"scroll","background-type":"","background-media":"","overlay-type":"","overlay-color":"","overlay-opacity":"","overlay-gradient":""},"tablet":{"background-color":"","background-image":"","background-repeat":"repeat","background-position":"center center","background-size":"auto","background-attachment":"scroll","background-type":"","background-media":"","overlay-type":"","overlay-color":"","overlay-opacity":"","overlay-gradient":""},"mobile":{"background-color":"","background-image":"","background-repeat":"repeat","background-position":"center center","background-size":"auto","background-attachment":"scroll","background-type":"","background-media":"","overlay-type":"","overlay-color":"","overlay-opacity":"","overlay-gradient":""}},"ast-content-background-meta":{"desktop":{"background-color":"var(--ast-global-color-5)","background-image":"","background-repeat":"repeat","background-position":"center center","background-size":"auto","background-attachment":"scroll","background-type":"","background-media":"","overlay-type":"","overlay-color":"","overlay-opacity":"","overlay-gradient":""},"tablet":{"background-color":"var(--ast-global-color-5)","background-image":"","background-repeat":"repeat","background-position":"center center","background-size":"auto","background-attachment":"scroll","background-type":"","background-media":"","overlay-type":"","overlay-color":"","overlay-opacity":"","overlay-gradient":""},"mobile":{"background-color":"var(--ast-global-color-5)","background-image":"","background-repeat":"repeat","background-position":"center center","background-size":"auto","background-attachment":"scroll","background-type":"","background-media":"","overlay-type":"","overlay-color":"","overlay-opacity":"","overlay-gradient":""}},"footnotes":""},"class_list":["post-12409","page","type-page","status-publish","has-post-thumbnail","hentry"],"yoast_head":"<!-- This site is optimized with the Yoast SEO plugin v27.5 - https:\/\/yoast.com\/product\/yoast-seo-wordpress\/ -->\n<title>\u00c9clairage de Centre Fun\u00e9raires - Axent Sup\u00e9rieur<\/title>\n<meta name=\"robots\" content=\"index, follow, max-snippet:-1, max-image-preview:large, max-video-preview:-1\" \/>\n<link rel=\"canonical\" href=\"https:\/\/axentsuperieur.com\/en\/realisations\/commercial\/centres-funeraires-et-crematorium\/\" \/>\n<meta property=\"og:locale\" content=\"en_US\" \/>\n<meta property=\"og:type\" content=\"article\" \/>\n<meta property=\"og:title\" content=\"\u00c9clairage de Centre Fun\u00e9raires - Axent Sup\u00e9rieur\" \/>\n<meta property=\"og:description\" content=\"L\u2019\u00e9clairage LED est une solution parfaite pour un centre fun\u00e9raire, offrant une lumi\u00e8re douce et apaisante qui contribue \u00e0 cr\u00e9er un environnement respectueux et serein. Les LED permettent de diffuser une lumi\u00e8re chaleureuse et homog\u00e8ne, id\u00e9ale pour les espaces de recueillement, les salons et les chambres fun\u00e9raires. Leur efficacit\u00e9 \u00e9nerg\u00e9tique et leur longue dur\u00e9e de vie sont \u00e9galement des atouts majeurs pour les centres fun\u00e9raires, qui n\u00e9cessitent un \u00e9clairage fiable et discret. D\u00e9couvrez comment l\u2019\u00e9clairage LED peut transformer votre centre en un lieu de m\u00e9moire, de tranquillit\u00e9 et de dignit\u00e9.\" \/>\n<meta property=\"og:url\" content=\"https:\/\/axentsuperieur.com\/en\/realisations\/commercial\/centres-funeraires-et-crematorium\/\" \/>\n<meta property=\"og:site_name\" content=\"Axent Sup\u00e9rieur\" \/>\n<meta property=\"article:publisher\" content=\"https:\/\/www.facebook.com\/axentled\/\" \/>\n<meta property=\"article:modified_time\" content=\"2025-03-17T15:18:22+00:00\" \/>\n<meta property=\"og:image\" content=\"https:\/\/axentsuperieur.com\/wp-content\/uploads\/2024\/11\/AXENT_LED_SUPERIEUR-FUNERAIRESGUAY-03.jpg\" \/>\n\t<meta property=\"og:image:width\" content=\"1330\" \/>\n\t<meta property=\"og:image:height\" content=\"1000\" \/>\n\t<meta property=\"og:image:type\" content=\"image\/jpeg\" \/>\n<meta name=\"twitter:card\" content=\"summary_large_image\" \/>\n<meta name=\"twitter:label1\" content=\"Est. reading time\" \/>\n\t<meta name=\"twitter:data1\" content=\"1 minute\" \/>\n<script type=\"application\/ld+json\" class=\"yoast-schema-graph\">{\"@context\":\"https:\\\/\\\/schema.org\",\"@graph\":[{\"@type\":\"WebPage\",\"@id\":\"https:\\\/\\\/axentsuperieur.com\\\/realisations\\\/commercial\\\/centres-funeraires-et-crematorium\\\/\",\"url\":\"https:\\\/\\\/axentsuperieur.com\\\/realisations\\\/commercial\\\/centres-funeraires-et-crematorium\\\/\",\"name\":\"\u00c9clairage de Centre Fun\u00e9raires - Axent Sup\u00e9rieur\",\"isPartOf\":{\"@id\":\"https:\\\/\\\/axentsuperieur.com\\\/#website\"},\"primaryImageOfPage\":{\"@id\":\"https:\\\/\\\/axentsuperieur.com\\\/realisations\\\/commercial\\\/centres-funeraires-et-crematorium\\\/#primaryimage\"},\"image\":{\"@id\":\"https:\\\/\\\/axentsuperieur.com\\\/realisations\\\/commercial\\\/centres-funeraires-et-crematorium\\\/#primaryimage\"},\"thumbnailUrl\":\"https:\\\/\\\/axentsuperieur.com\\\/wp-content\\\/uploads\\\/2024\\\/11\\\/AXENT_LED_SUPERIEUR-FUNERAIRESGUAY-03.jpg\",\"datePublished\":\"2024-11-19T23:58:59+00:00\",\"dateModified\":\"2025-03-17T15:18:22+00:00\",\"breadcrumb\":{\"@id\":\"https:\\\/\\\/axentsuperieur.com\\\/realisations\\\/commercial\\\/centres-funeraires-et-crematorium\\\/#breadcrumb\"},\"inLanguage\":\"en-US\",\"potentialAction\":[{\"@type\":\"ReadAction\",\"target\":[\"https:\\\/\\\/axentsuperieur.com\\\/realisations\\\/commercial\\\/centres-funeraires-et-crematorium\\\/\"]}]},{\"@type\":\"ImageObject\",\"inLanguage\":\"en-US\",\"@id\":\"https:\\\/\\\/axentsuperieur.com\\\/realisations\\\/commercial\\\/centres-funeraires-et-crematorium\\\/#primaryimage\",\"url\":\"https:\\\/\\\/axentsuperieur.com\\\/wp-content\\\/uploads\\\/2024\\\/11\\\/AXENT_LED_SUPERIEUR-FUNERAIRESGUAY-03.jpg\",\"contentUrl\":\"https:\\\/\\\/axentsuperieur.com\\\/wp-content\\\/uploads\\\/2024\\\/11\\\/AXENT_LED_SUPERIEUR-FUNERAIRESGUAY-03.jpg\",\"width\":1330,\"height\":1000,\"caption\":\"Offrez un \u00e9clairage LED doux et respectueux dans votre centre fun\u00e9raire, cr\u00e9ant une atmosph\u00e8re apaisante et digne pour les familles en deuil.\"},{\"@type\":\"BreadcrumbList\",\"@id\":\"https:\\\/\\\/axentsuperieur.com\\\/realisations\\\/commercial\\\/centres-funeraires-et-crematorium\\\/#breadcrumb\",\"itemListElement\":[{\"@type\":\"ListItem\",\"position\":1,\"name\":\"Home\",\"item\":\"https:\\\/\\\/axentsuperieur.com\\\/\"},{\"@type\":\"ListItem\",\"position\":2,\"name\":\"R\u00e9alisations\",\"item\":\"https:\\\/\\\/axentsuperieur.com\\\/realisations\\\/\"},{\"@type\":\"ListItem\",\"position\":3,\"name\":\"Commercial\",\"item\":\"https:\\\/\\\/axentsuperieur.com\\\/realisations\\\/commercial\\\/\"},{\"@type\":\"ListItem\",\"position\":4,\"name\":\"Centre Fun\u00e9raires\"}]},{\"@type\":\"WebSite\",\"@id\":\"https:\\\/\\\/axentsuperieur.com\\\/#website\",\"url\":\"https:\\\/\\\/axentsuperieur.com\\\/\",\"name\":\"Axent Sup\u00e9rieur\",\"description\":\"Leader en \u00e9clairage LED\",\"publisher\":{\"@id\":\"https:\\\/\\\/axentsuperieur.com\\\/#organization\"},\"potentialAction\":[{\"@type\":\"SearchAction\",\"target\":{\"@type\":\"EntryPoint\",\"urlTemplate\":\"https:\\\/\\\/axentsuperieur.com\\\/?s={search_term_string}\"},\"query-input\":{\"@type\":\"PropertyValueSpecification\",\"valueRequired\":true,\"valueName\":\"search_term_string\"}}],\"inLanguage\":\"en-US\"},{\"@type\":\"Organization\",\"@id\":\"https:\\\/\\\/axentsuperieur.com\\\/#organization\",\"name\":\"Axent Sup\u00e9rieur\",\"url\":\"https:\\\/\\\/axentsuperieur.com\\\/\",\"logo\":{\"@type\":\"ImageObject\",\"inLanguage\":\"en-US\",\"@id\":\"https:\\\/\\\/axentsuperieur.com\\\/#\\\/schema\\\/logo\\\/image\\\/\",\"url\":\"https:\\\/\\\/axentsuperieur.com\\\/wp-content\\\/uploads\\\/2024\\\/10\\\/Axent-Superieur-sans-fond.png\",\"contentUrl\":\"https:\\\/\\\/axentsuperieur.com\\\/wp-content\\\/uploads\\\/2024\\\/10\\\/Axent-Superieur-sans-fond.png\",\"width\":2500,\"height\":1101,\"caption\":\"Axent Sup\u00e9rieur\"},\"image\":{\"@id\":\"https:\\\/\\\/axentsuperieur.com\\\/#\\\/schema\\\/logo\\\/image\\\/\"},\"sameAs\":[\"https:\\\/\\\/www.facebook.com\\\/axentled\\\/\",\"https:\\\/\\\/www.instagram.com\\\/axent_superieur\\\/\",\"https:\\\/\\\/www.linkedin.com\\\/company\\\/axentled\\\/\"]}]}<\/script>\n<!-- \/ Yoast SEO plugin. -->","yoast_head_json":{"title":"\u00c9clairage de Centre Fun\u00e9raires - Axent Sup\u00e9rieur","robots":{"index":"index","follow":"follow","max-snippet":"max-snippet:-1","max-image-preview":"max-image-preview:large","max-video-preview":"max-video-preview:-1"},"canonical":"https:\/\/axentsuperieur.com\/en\/realisations\/commercial\/centres-funeraires-et-crematorium\/","og_locale":"en_US","og_type":"article","og_title":"\u00c9clairage de Centre Fun\u00e9raires - Axent Sup\u00e9rieur","og_description":"L\u2019\u00e9clairage LED est une solution parfaite pour un centre fun\u00e9raire, offrant une lumi\u00e8re douce et apaisante qui contribue \u00e0 cr\u00e9er un environnement respectueux et serein. Les LED permettent de diffuser une lumi\u00e8re chaleureuse et homog\u00e8ne, id\u00e9ale pour les espaces de recueillement, les salons et les chambres fun\u00e9raires. Leur efficacit\u00e9 \u00e9nerg\u00e9tique et leur longue dur\u00e9e de vie sont \u00e9galement des atouts majeurs pour les centres fun\u00e9raires, qui n\u00e9cessitent un \u00e9clairage fiable et discret. D\u00e9couvrez comment l\u2019\u00e9clairage LED peut transformer votre centre en un lieu de m\u00e9moire, de tranquillit\u00e9 et de dignit\u00e9.","og_url":"https:\/\/axentsuperieur.com\/en\/realisations\/commercial\/centres-funeraires-et-crematorium\/","og_site_name":"Axent Sup\u00e9rieur","article_publisher":"https:\/\/www.facebook.com\/axentled\/","article_modified_time":"2025-03-17T15:18:22+00:00","og_image":[{"width":1330,"height":1000,"url":"https:\/\/axentsuperieur.com\/wp-content\/uploads\/2024\/11\/AXENT_LED_SUPERIEUR-FUNERAIRESGUAY-03.jpg","type":"image\/jpeg"}],"twitter_card":"summary_large_image","twitter_misc":{"Est. reading time":"1 minute"},"schema":{"@context":"https:\/\/schema.org","@graph":[{"@type":"WebPage","@id":"https:\/\/axentsuperieur.com\/realisations\/commercial\/centres-funeraires-et-crematorium\/","url":"https:\/\/axentsuperieur.com\/realisations\/commercial\/centres-funeraires-et-crematorium\/","name":"\u00c9clairage de Centre Fun\u00e9raires - Axent Sup\u00e9rieur","isPartOf":{"@id":"https:\/\/axentsuperieur.com\/#website"},"primaryImageOfPage":{"@id":"https:\/\/axentsuperieur.com\/realisations\/commercial\/centres-funeraires-et-crematorium\/#primaryimage"},"image":{"@id":"https:\/\/axentsuperieur.com\/realisations\/commercial\/centres-funeraires-et-crematorium\/#primaryimage"},"thumbnailUrl":"https:\/\/axentsuperieur.com\/wp-content\/uploads\/2024\/11\/AXENT_LED_SUPERIEUR-FUNERAIRESGUAY-03.jpg","datePublished":"2024-11-19T23:58:59+00:00","dateModified":"2025-03-17T15:18:22+00:00","breadcrumb":{"@id":"https:\/\/axentsuperieur.com\/realisations\/commercial\/centres-funeraires-et-crematorium\/#breadcrumb"},"inLanguage":"en-US","potentialAction":[{"@type":"ReadAction","target":["https:\/\/axentsuperieur.com\/realisations\/commercial\/centres-funeraires-et-crematorium\/"]}]},{"@type":"ImageObject","inLanguage":"en-US","@id":"https:\/\/axentsuperieur.com\/realisations\/commercial\/centres-funeraires-et-crematorium\/#primaryimage","url":"https:\/\/axentsuperieur.com\/wp-content\/uploads\/2024\/11\/AXENT_LED_SUPERIEUR-FUNERAIRESGUAY-03.jpg","contentUrl":"https:\/\/axentsuperieur.com\/wp-content\/uploads\/2024\/11\/AXENT_LED_SUPERIEUR-FUNERAIRESGUAY-03.jpg","width":1330,"height":1000,"caption":"Offrez un \u00e9clairage LED doux et respectueux dans votre centre fun\u00e9raire, cr\u00e9ant une atmosph\u00e8re apaisante et digne pour les familles en deuil."},{"@type":"BreadcrumbList","@id":"https:\/\/axentsuperieur.com\/realisations\/commercial\/centres-funeraires-et-crematorium\/#breadcrumb","itemListElement":[{"@type":"ListItem","position":1,"name":"Home","item":"https:\/\/axentsuperieur.com\/"},{"@type":"ListItem","position":2,"name":"R\u00e9alisations","item":"https:\/\/axentsuperieur.com\/realisations\/"},{"@type":"ListItem","position":3,"name":"Commercial","item":"https:\/\/axentsuperieur.com\/realisations\/commercial\/"},{"@type":"ListItem","position":4,"name":"Centre Fun\u00e9raires"}]},{"@type":"WebSite","@id":"https:\/\/axentsuperieur.com\/#website","url":"https:\/\/axentsuperieur.com\/","name":"Axent Sup\u00e9rieur","description":"Leader en \u00e9clairage LED","publisher":{"@id":"https:\/\/axentsuperieur.com\/#organization"},"potentialAction":[{"@type":"SearchAction","target":{"@type":"EntryPoint","urlTemplate":"https:\/\/axentsuperieur.com\/?s={search_term_string}"},"query-input":{"@type":"PropertyValueSpecification","valueRequired":true,"valueName":"search_term_string"}}],"inLanguage":"en-US"},{"@type":"Organization","@id":"https:\/\/axentsuperieur.com\/#organization","name":"Axent Sup\u00e9rieur","url":"https:\/\/axentsuperieur.com\/","logo":{"@type":"ImageObject","inLanguage":"en-US","@id":"https:\/\/axentsuperieur.com\/#\/schema\/logo\/image\/","url":"https:\/\/axentsuperieur.com\/wp-content\/uploads\/2024\/10\/Axent-Superieur-sans-fond.png","contentUrl":"https:\/\/axentsuperieur.com\/wp-content\/uploads\/2024\/10\/Axent-Superieur-sans-fond.png","width":2500,"height":1101,"caption":"Axent Sup\u00e9rieur"},"image":{"@id":"https:\/\/axentsuperieur.com\/#\/schema\/logo\/image\/"},"sameAs":["https:\/\/www.facebook.com\/axentled\/","https:\/\/www.instagram.com\/axent_superieur\/","https:\/\/www.linkedin.com\/company\/axentled\/"]}]}},"jetpack_sharing_enabled":true,"_links":{"self":[{"href":"https:\/\/axentsuperieur.com\/en\/wp-json\/wp\/v2\/pages\/12409","targetHints":{"allow":["GET"]}}],"collection":[{"href":"https:\/\/axentsuperieur.com\/en\/wp-json\/wp\/v2\/pages"}],"about":[{"href":"https:\/\/axentsuperieur.com\/en\/wp-json\/wp\/v2\/types\/page"}],"author":[{"embeddable":true,"href":"https:\/\/axentsuperieur.com\/en\/wp-json\/wp\/v2\/users\/7"}],"replies":[{"embeddable":true,"href":"https:\/\/axentsuperieur.com\/en\/wp-json\/wp\/v2\/comments?post=12409"}],"version-history":[{"count":15,"href":"https:\/\/axentsuperieur.com\/en\/wp-json\/wp\/v2\/pages\/12409\/revisions"}],"predecessor-version":[{"id":14465,"href":"https:\/\/axentsuperieur.com\/en\/wp-json\/wp\/v2\/pages\/12409\/revisions\/14465"}],"up":[{"embeddable":true,"href":"https:\/\/axentsuperieur.com\/en\/wp-json\/wp\/v2\/pages\/12401"}],"wp:featuredmedia":[{"embeddable":true,"href":"https:\/\/axentsuperieur.com\/en\/wp-json\/wp\/v2\/media\/3160"}],"wp:attachment":[{"href":"https:\/\/axentsuperieur.com\/en\/wp-json\/wp\/v2\/media?parent=12409"}],"curies":[{"name":"wp","href":"https:\/\/api.w.org\/{rel}","templated":true}]}}